{"id":1010,"date":"2023-06-09T13:21:29","date_gmt":"2023-06-09T13:21:29","guid":{"rendered":"https:\/\/ozbau-energie.de\/bau\/?page_id=1010"},"modified":"2023-06-09T13:24:39","modified_gmt":"2023-06-09T13:24:39","slug":"erdarbeiten","status":"publish","type":"page","link":"https:\/\/ozbau-energie.de\/bau\/index.php\/erdarbeiten\/","title":{"rendered":"Erdarbeiten"},"content":{"rendered":"\t\t<div data-elementor-type=\"wp-page\" data-elementor-id=\"1010\" class=\"elementor elementor-1010\">\n\t\t\t\t\t\t<section class=\"elementor-section elementor-top-section elementor-element elementor-element-274b518 elementor-section-boxed elementor-section-height-default elementor-section-height-default\" data-id=\"274b518\" data-element_type=\"section\">\n\t\t\t\t\t\t<div class=\"elementor-container elementor-column-gap-default\">\n\t\t\t\t\t<div class=\"elementor-column elementor-col-100 elementor-top-column elementor-element elementor-element-20117d8\" data-id=\"20117d8\" data-element_type=\"column\">\n\t\t\t<div class=\"elementor-widget-wrap elementor-element-populated\">\n\t\t\t\t\t\t<div class=\"elementor-element elementor-element-364b749 elementor-widget elementor-widget-text-editor\" data-id=\"364b749\" data-element_type=\"widget\" data-widget_type=\"text-editor.default\">\n\t\t\t\t<div class=\"elementor-widget-container\">\n\t\t\t\t\t\t\t<h1>Ein sicheres Fundament.<\/h1><p>Hochbau oder\u00a0<b>Tiefbau<\/b>: Mit professionellen\u00a0<b>Erdarbeiten<\/b>\u00a0legen wir die Basis f\u00fcr verschiedenste Bauprojekte. Zum Beispiel mit einem\u00a0<b>Aushub<\/b>\u00a0f\u00fcr den Bau eines Einfamilienhauses, einem Stra\u00dfenfundament, Baustra\u00dfen f\u00fcr schwere Sattelz\u00fcge oder einem\u00a0<b>Baugrubenaushub<\/b>\u00a0f\u00fcr einen Gewerbestandort, eine Lagerhalle oder ein B\u00fcrogeb\u00e4ude. Die Profilierung des Gel\u00e4ndes inklusive.<\/p><h3>Pionierarbeiten f\u00fcr Ihren Bau<\/h3><p>Neben den\u00a0<b>Erdarbeiten f\u00fcr den Hausbau<\/b>\u00a0verlegen wir auch Leitungen f\u00fcr Schmutz- und Regenwasser bis zum \u00dcbergabeschacht von Gemeinde bzw. Kommune. Im Zuge zunehmender Bodenversiegelung sorgen eingebaute Rigolen f\u00fcr die Versickerung von Regenwasser. Damit es bei Ihnen unterirdisch gut l\u00e4uft.<\/p><h3>Ein Bodenspezialist pr\u00fcft<\/h3><p>Sicher ist sicher: Daher arbeiten wir eng mit einem Baustoff-Laboranten zusammen. Er misst die Bodendichte und informiert Sie nach gr\u00fcndlicher Analyse zeitnah \u00fcber die Qualit\u00e4t des Erdreichs \u2013 auch f\u00fcr die\u00a0<b>Kalkulation unserer Erdarbeiten<\/b>. Die Richtwerte f\u00fcr die Entsorgung belasteter B\u00f6den sind in Deponien unterschiedlich. Wir beraten Sie gern.<\/p><p>&gt;&gt; Ihre genauen\u00a0<b>Erdarbeiten-Kosten?<\/b>\u00a0Hochbau oder Tiefbau: Gern kalkulieren wir Ihren individuellen Bedarf.\u00a0Kontakt<\/p><h3>Unsere Leistungen:<\/h3><ul><li>Erdbau von Tragschichten f\u00fcr Wege und Bauwerke<\/li><li>Herstellung von Baustra\u00dfen (und deren R\u00fcckbau)<\/li><li>Aushub f\u00fcr Einfamilienh\u00e4user und Mehrfamilienh\u00e4user<\/li><li>Baugrubenaushub f\u00fcr gewerbliche Objekte, z.B. B\u00fcrogeb\u00e4ude, Produktionshallen etc.<\/li><li>Erdbau f\u00fcr die Realisierung\/Umgestaltung von Au\u00dfenfl\u00e4chen und \u2013anlagen<\/li><li>diverse Radlader-Arbeiten<\/li><\/ul>\t\t\t\t\t\t<\/div>\n\t\t\t\t<\/div>\n\t\t\t\t\t<\/div>\n\t\t<\/div>\n\t\t\t\t\t<\/div>\n\t\t<\/section>\n\t\t\t\t<section class=\"elementor-section elementor-top-section elementor-element elementor-element-d8cc83f elementor-section-boxed elementor-section-height-default elementor-section-height-default\" data-id=\"d8cc83f\" data-element_type=\"section\">\n\t\t\t\t\t\t<div class=\"elementor-container elementor-column-gap-default\">\n\t\t\t\t\t<div class=\"elementor-column elementor-col-100 elementor-top-column elementor-element elementor-element-f3b09e4\" data-id=\"f3b09e4\" data-element_type=\"column\">\n\t\t\t<div class=\"elementor-widget-wrap elementor-element-populated\">\n\t\t\t\t\t\t<div class=\"elementor-element elementor-element-f1f870e elementor-widget elementor-widget-image\" data-id=\"f1f870e\" data-element_type=\"widget\" data-widget_type=\"image.default\">\n\t\t\t\t<div class=\"elementor-widget-container\">\n\t\t\t\t\t\t\t\t\t\t\t\t\t<img fetchpriority=\"high\" decoding=\"async\" width=\"1024\" height=\"576\" src=\"https:\/\/ozbau-energie.de\/bau\/wp-content\/uploads\/2023\/06\/schaufelbagger-erdarbeiten-und-aushub-1-1024x576.jpg\" class=\"attachment-large size-large wp-image-1012\" alt=\"\" srcset=\"https:\/\/ozbau-energie.de\/bau\/wp-content\/uploads\/2023\/06\/schaufelbagger-erdarbeiten-und-aushub-1-1024x576.jpg 1024w, https:\/\/ozbau-energie.de\/bau\/wp-content\/uploads\/2023\/06\/schaufelbagger-erdarbeiten-und-aushub-1-300x169.jpg 300w, https:\/\/ozbau-energie.de\/bau\/wp-content\/uploads\/2023\/06\/schaufelbagger-erdarbeiten-und-aushub-1-768x432.jpg 768w, https:\/\/ozbau-energie.de\/bau\/wp-content\/uploads\/2023\/06\/schaufelbagger-erdarbeiten-und-aushub-1-1536x864.jpg 1536w, https:\/\/ozbau-energie.de\/bau\/wp-content\/uploads\/2023\/06\/schaufelbagger-erdarbeiten-und-aushub-1.jpg 1600w\" sizes=\"(max-width: 1024px) 100vw, 1024px\" title=\"schaufelbagger-erdarbeiten-und-aushub (1)\" \/>\t\t\t\t\t\t\t\t\t\t\t\t\t<\/div>\n\t\t\t\t<\/div>\n\t\t\t\t\t<\/div>\n\t\t<\/div>\n\t\t\t\t\t<\/div>\n\t\t<\/section>\n\t\t\t\t<\/div>\n\t\t","protected":false},"excerpt":{"rendered":"<p>Ein sicheres Fundament. Hochbau oder\u00a0Tiefbau: Mit professionellen\u00a0Erdarbeiten\u00a0legen wir die Basis f\u00fcr verschiedenste Bauprojekte. Zum Beispiel mit einem\u00a0Aushub\u00a0f\u00fcr den Bau eines Einfamilienhauses, einem Stra\u00dfenfundament, Baustra\u00dfen f\u00fcr schwere Sattelz\u00fcge oder einem\u00a0Baugrubenaushub\u00a0f\u00fcr einen Gewerbestandort, eine Lagerhalle oder ein B\u00fcrogeb\u00e4ude. Die Profilierung des Gel\u00e4ndes inklusive. Pionierarbeiten f\u00fcr Ihren Bau Neben den\u00a0Erdarbeiten f\u00fcr den Hausbau\u00a0verlegen wir auch Leitungen f\u00fcr Schmutz- [&hellip;]<\/p>\n","protected":false},"author":1,"featured_media":0,"parent":0,"menu_order":0,"comment_status":"closed","ping_status":"closed","template":"page-templates\/template-fullwidth.php","meta":{"footnotes":""},"class_list":["post-1010","page","type-page","status-publish","hentry"],"_links":{"self":[{"href":"https:\/\/ozbau-energie.de\/bau\/index.php\/wp-json\/wp\/v2\/pages\/1010","targetHints":{"allow":["GET"]}}],"collection":[{"href":"https:\/\/ozbau-energie.de\/bau\/index.php\/wp-json\/wp\/v2\/pages"}],"about":[{"href":"https:\/\/ozbau-energie.de\/bau\/index.php\/wp-json\/wp\/v2\/types\/page"}],"author":[{"embeddable":true,"href":"https:\/\/ozbau-energie.de\/bau\/index.php\/wp-json\/wp\/v2\/users\/1"}],"replies":[{"embeddable":true,"href":"https:\/\/ozbau-energie.de\/bau\/index.php\/wp-json\/wp\/v2\/comments?post=1010"}],"version-history":[{"count":4,"href":"https:\/\/ozbau-energie.de\/bau\/index.php\/wp-json\/wp\/v2\/pages\/1010\/revisions"}],"predecessor-version":[{"id":1015,"href":"https:\/\/ozbau-energie.de\/bau\/index.php\/wp-json\/wp\/v2\/pages\/1010\/revisions\/1015"}],"wp:attachment":[{"href":"https:\/\/ozbau-energie.de\/bau\/index.php\/wp-json\/wp\/v2\/media?parent=1010"}],"curies":[{"name":"wp","href":"https:\/\/api.w.org\/{rel}","templated":true}]}}