{"id":772,"date":"2022-11-08T13:54:43","date_gmt":"2022-11-08T13:54:43","guid":{"rendered":"https:\/\/ozbau-energie.de\/bau\/?page_id=772"},"modified":"2022-11-09T09:37:25","modified_gmt":"2022-11-09T09:37:25","slug":"schluesselfertiges-bauen","status":"publish","type":"page","link":"https:\/\/ozbau-energie.de\/bau\/index.php\/schluesselfertiges-bauen\/","title":{"rendered":"Schl\u00fcsselfertiges Bauen"},"content":{"rendered":"\t\t<div data-elementor-type=\"wp-page\" data-elementor-id=\"772\" class=\"elementor elementor-772\">\n\t\t\t\t\t\t<section class=\"elementor-section elementor-top-section elementor-element elementor-element-01ed079 elementor-section-boxed elementor-section-height-default elementor-section-height-default\" data-id=\"01ed079\" data-element_type=\"section\">\n\t\t\t\t\t\t<div class=\"elementor-container elementor-column-gap-default\">\n\t\t\t\t\t<div class=\"elementor-column elementor-col-100 elementor-top-column elementor-element elementor-element-80e6d73\" data-id=\"80e6d73\" data-element_type=\"column\">\n\t\t\t<div class=\"elementor-widget-wrap elementor-element-populated\">\n\t\t\t\t\t\t<div class=\"elementor-element elementor-element-aee15ae elementor-widget elementor-widget-heading\" data-id=\"aee15ae\" data-element_type=\"widget\" data-widget_type=\"heading.default\">\n\t\t\t\t<div class=\"elementor-widget-container\">\n\t\t\t<h2 class=\"elementor-heading-title elementor-size-default\">SCHL\u00dcSSELFERTIGES BAUEN<\/h2>\t\t<\/div>\n\t\t\t\t<\/div>\n\t\t\t\t\t<\/div>\n\t\t<\/div>\n\t\t\t\t\t<\/div>\n\t\t<\/section>\n\t\t\t\t<section class=\"elementor-section elementor-top-section elementor-element elementor-element-c1294aa elementor-section-boxed elementor-section-height-default elementor-section-height-default\" data-id=\"c1294aa\" data-element_type=\"section\">\n\t\t\t\t\t\t<div class=\"elementor-container elementor-column-gap-default\">\n\t\t\t\t\t<div class=\"elementor-column elementor-col-50 elementor-top-column elementor-element elementor-element-8bf572b\" data-id=\"8bf572b\" data-element_type=\"column\">\n\t\t\t<div class=\"elementor-widget-wrap elementor-element-populated\">\n\t\t\t\t\t\t<div class=\"elementor-element elementor-element-c7c408b elementor-widget elementor-widget-image\" data-id=\"c7c408b\" data-element_type=\"widget\" data-widget_type=\"image.default\">\n\t\t\t\t<div class=\"elementor-widget-container\">\n\t\t\t\t\t\t\t\t\t\t\t\t\t<img fetchpriority=\"high\" decoding=\"async\" width=\"1024\" height=\"683\" src=\"https:\/\/ozbau-energie.de\/bau\/wp-content\/uploads\/2022\/11\/luxury-house-with-garage-blue-sky-nobody-yard-modern-architecture-cozy-modern-house-modern-architecture-1-1024x683.jpg\" class=\"attachment-large size-large wp-image-787\" alt=\"\" srcset=\"https:\/\/ozbau-energie.de\/bau\/wp-content\/uploads\/2022\/11\/luxury-house-with-garage-blue-sky-nobody-yard-modern-architecture-cozy-modern-house-modern-architecture-1-1024x683.jpg 1024w, https:\/\/ozbau-energie.de\/bau\/wp-content\/uploads\/2022\/11\/luxury-house-with-garage-blue-sky-nobody-yard-modern-architecture-cozy-modern-house-modern-architecture-1-300x200.jpg 300w, https:\/\/ozbau-energie.de\/bau\/wp-content\/uploads\/2022\/11\/luxury-house-with-garage-blue-sky-nobody-yard-modern-architecture-cozy-modern-house-modern-architecture-1-768x512.jpg 768w, https:\/\/ozbau-energie.de\/bau\/wp-content\/uploads\/2022\/11\/luxury-house-with-garage-blue-sky-nobody-yard-modern-architecture-cozy-modern-house-modern-architecture-1-750x499.jpg 750w, https:\/\/ozbau-energie.de\/bau\/wp-content\/uploads\/2022\/11\/luxury-house-with-garage-blue-sky-nobody-yard-modern-architecture-cozy-modern-house-modern-architecture-1-600x400.jpg 600w, https:\/\/ozbau-energie.de\/bau\/wp-content\/uploads\/2022\/11\/luxury-house-with-garage-blue-sky-nobody-yard-modern-architecture-cozy-modern-house-modern-architecture-1.jpg 1500w\" sizes=\"(max-width: 1024px) 100vw, 1024px\" title=\"luxury-house-with-garage-blue-sky-nobody-yard-modern-architecture-cozy-modern-house-modern-architecture (1)\" \/>\t\t\t\t\t\t\t\t\t\t\t\t\t<\/div>\n\t\t\t\t<\/div>\n\t\t\t\t<div class=\"elementor-element elementor-element-8b0bc75 elementor-widget elementor-widget-image\" data-id=\"8b0bc75\" data-element_type=\"widget\" data-widget_type=\"image.default\">\n\t\t\t\t<div class=\"elementor-widget-container\">\n\t\t\t\t\t\t\t\t\t\t\t\t\t<img decoding=\"async\" width=\"1000\" height=\"667\" src=\"https:\/\/ozbau-energie.de\/bau\/wp-content\/uploads\/2022\/11\/landlord-unlocks-house-key-new-home-real-estate-agents-sales-agents-1.jpg\" class=\"attachment-large size-large wp-image-791\" alt=\"\" srcset=\"https:\/\/ozbau-energie.de\/bau\/wp-content\/uploads\/2022\/11\/landlord-unlocks-house-key-new-home-real-estate-agents-sales-agents-1.jpg 1000w, https:\/\/ozbau-energie.de\/bau\/wp-content\/uploads\/2022\/11\/landlord-unlocks-house-key-new-home-real-estate-agents-sales-agents-1-300x200.jpg 300w, https:\/\/ozbau-energie.de\/bau\/wp-content\/uploads\/2022\/11\/landlord-unlocks-house-key-new-home-real-estate-agents-sales-agents-1-768x512.jpg 768w, https:\/\/ozbau-energie.de\/bau\/wp-content\/uploads\/2022\/11\/landlord-unlocks-house-key-new-home-real-estate-agents-sales-agents-1-750x499.jpg 750w, https:\/\/ozbau-energie.de\/bau\/wp-content\/uploads\/2022\/11\/landlord-unlocks-house-key-new-home-real-estate-agents-sales-agents-1-600x400.jpg 600w\" sizes=\"(max-width: 1000px) 100vw, 1000px\" title=\"landlord-unlocks-house-key-new-home-real-estate-agents-sales-agents (1)\" \/>\t\t\t\t\t\t\t\t\t\t\t\t\t<\/div>\n\t\t\t\t<\/div>\n\t\t\t\t\t<\/div>\n\t\t<\/div>\n\t\t\t\t<div class=\"elementor-column elementor-col-50 elementor-top-column elementor-element elementor-element-9ad4965\" data-id=\"9ad4965\" data-element_type=\"column\">\n\t\t\t<div class=\"elementor-widget-wrap elementor-element-populated\">\n\t\t\t\t\t\t<div class=\"elementor-element elementor-element-1517516 elementor-widget elementor-widget-text-editor\" data-id=\"1517516\" data-element_type=\"widget\" data-widget_type=\"text-editor.default\">\n\t\t\t\t<div class=\"elementor-widget-container\">\n\t\t\t\t\t\t\t<p>Bei einem schl\u00fcsselfertigen Bau gibt es drei Ausbaustufen, mit denen sich der Bauherr uns einig werden kann:<\/p><div class=\"cm_column_wrapper\"><div class=\"cm_column cm-container-large cm-container-no-columns-2\"><ul><li>Bausatzhaus oder Selbstbauhaus:Unsere Firma \u00fcbernimmt die Bauplanung, liefert das Baumaterial, schult die Bauherren in Workshops. Sie verleiht Werkzeug und stellt einen Sachverst\u00e4ndigen oder Baubegleiter, der den Bauherrn auf der Baustelle unterst\u00fctzt oder ab und an den Baufortschritt kontrolliert.<\/li><\/ul><\/div><div class=\"cm_column_gap cm_column_gap_left cm_resizable\">\u00a0<\/div><div class=\"cm_column_gap cm_column_gap_right cm_resizable\">\u00a0<\/div><div class=\"cm_column cm-container-large cm-container-no-columns-2\"><ul><li>Ausbauhaus oder Mitbauhaus: Unsere Firma ist f\u00fcr den Hausbau zust\u00e4ndig, \u00fcberl\u00e4sst einige Arbeiten aber dem Bauherrn. Das Ausbauhaus wird oftmals in vordefinierte Phasen unterteilt: Technikfertig bedeutet dann, dass der Rohbau fertig ist, T\u00fcren und Fenster eingebaut sind, m\u00f6glicherweise auch bereits der Estrich liegt und jetzt Heizung und Elektrik eingebaut werden k\u00f6nnen, sofern diese nicht schon im Estrich verborgen ist. Malerfertig bedeutet, dass auch die Haustechnik eingebaut ist und lediglich der Innenausbau samt Maler- oder Trockenbauarbeiten noch fehlen.<\/li><\/ul><\/div><div class=\"cm_column_gap cm_column_gap_left cm_resizable\">\u00a0<\/div><div class=\"cm_column_gap cm_column_gap_right cm_resizable\">\u00a0<\/div><div class=\"cm_column cm-container-large cm-container-no-columns-2\"><ul><li>Schl\u00fcsselfertig: ein schl\u00fcsselfertiges Haus ist dementsprechend ein Haus, bei dem der Bauherr nicht mitarbeitet. Je nach Leistungsbeschreibung sollte es also tats\u00e4chlich bezugsfertig sein.<\/li><\/ul><\/div><\/div>\t\t\t\t\t\t<\/div>\n\t\t\t\t<\/div>\n\t\t\t\t\t<\/div>\n\t\t<\/div>\n\t\t\t\t\t<\/div>\n\t\t<\/section>\n\t\t\t\t<\/div>\n\t\t","protected":false},"excerpt":{"rendered":"<p>SCHL\u00dcSSELFERTIGES BAUEN Bei einem schl\u00fcsselfertigen Bau gibt es drei Ausbaustufen, mit denen sich der Bauherr uns einig werden kann: Bausatzhaus oder Selbstbauhaus:Unsere Firma \u00fcbernimmt die Bauplanung, liefert das Baumaterial, schult die Bauherren in Workshops. Sie verleiht Werkzeug und stellt einen Sachverst\u00e4ndigen oder Baubegleiter, der den Bauherrn auf der Baustelle unterst\u00fctzt oder ab und an den [&hellip;]<\/p>\n","protected":false},"author":1,"featured_media":0,"parent":0,"menu_order":0,"comment_status":"closed","ping_status":"closed","template":"page-templates\/template-fullwidth.php","meta":{"footnotes":""},"class_list":["post-772","page","type-page","status-publish","hentry"],"_links":{"self":[{"href":"https:\/\/ozbau-energie.de\/bau\/index.php\/wp-json\/wp\/v2\/pages\/772","targetHints":{"allow":["GET"]}}],"collection":[{"href":"https:\/\/ozbau-energie.de\/bau\/index.php\/wp-json\/wp\/v2\/pages"}],"about":[{"href":"https:\/\/ozbau-energie.de\/bau\/index.php\/wp-json\/wp\/v2\/types\/page"}],"author":[{"embeddable":true,"href":"https:\/\/ozbau-energie.de\/bau\/index.php\/wp-json\/wp\/v2\/users\/1"}],"replies":[{"embeddable":true,"href":"https:\/\/ozbau-energie.de\/bau\/index.php\/wp-json\/wp\/v2\/comments?post=772"}],"version-history":[{"count":14,"href":"https:\/\/ozbau-energie.de\/bau\/index.php\/wp-json\/wp\/v2\/pages\/772\/revisions"}],"predecessor-version":[{"id":795,"href":"https:\/\/ozbau-energie.de\/bau\/index.php\/wp-json\/wp\/v2\/pages\/772\/revisions\/795"}],"wp:attachment":[{"href":"https:\/\/ozbau-energie.de\/bau\/index.php\/wp-json\/wp\/v2\/media?parent=772"}],"curies":[{"name":"wp","href":"https:\/\/api.w.org\/{rel}","templated":true}]}}