{"id":797,"date":"2022-11-09T09:48:50","date_gmt":"2022-11-09T09:48:50","guid":{"rendered":"https:\/\/ozbau-energie.de\/bau\/?page_id=797"},"modified":"2022-11-09T09:54:14","modified_gmt":"2022-11-09T09:54:14","slug":"projektentwicklung","status":"publish","type":"page","link":"https:\/\/ozbau-energie.de\/bau\/index.php\/projektentwicklung\/","title":{"rendered":"Projektentwicklung"},"content":{"rendered":"\t\t<div data-elementor-type=\"wp-page\" data-elementor-id=\"797\" class=\"elementor elementor-797\">\n\t\t\t\t\t\t<section class=\"elementor-section elementor-top-section elementor-element elementor-element-a7fcf3d elementor-section-boxed elementor-section-height-default elementor-section-height-default\" data-id=\"a7fcf3d\" data-element_type=\"section\">\n\t\t\t\t\t\t<div class=\"elementor-container elementor-column-gap-default\">\n\t\t\t\t\t<div class=\"elementor-column elementor-col-100 elementor-top-column elementor-element elementor-element-29710b1\" data-id=\"29710b1\" data-element_type=\"column\">\n\t\t\t<div class=\"elementor-widget-wrap elementor-element-populated\">\n\t\t\t\t\t\t<div class=\"elementor-element elementor-element-173769d elementor-widget elementor-widget-heading\" data-id=\"173769d\" data-element_type=\"widget\" data-widget_type=\"heading.default\">\n\t\t\t\t<div class=\"elementor-widget-container\">\n\t\t\t<h2 class=\"elementor-heading-title elementor-size-default\">PROJEKTENTWICKLUNG<\/h2>\t\t<\/div>\n\t\t\t\t<\/div>\n\t\t\t\t\t<\/div>\n\t\t<\/div>\n\t\t\t\t\t<\/div>\n\t\t<\/section>\n\t\t\t\t<section class=\"elementor-section elementor-top-section elementor-element elementor-element-ffefc3d elementor-section-boxed elementor-section-height-default elementor-section-height-default\" data-id=\"ffefc3d\" data-element_type=\"section\">\n\t\t\t\t\t\t<div class=\"elementor-container elementor-column-gap-default\">\n\t\t\t\t\t<div class=\"elementor-column elementor-col-50 elementor-top-column elementor-element elementor-element-d3ba2a5\" data-id=\"d3ba2a5\" data-element_type=\"column\">\n\t\t\t<div class=\"elementor-widget-wrap elementor-element-populated\">\n\t\t\t\t\t\t<div class=\"elementor-element elementor-element-2fbe937 elementor-widget elementor-widget-image\" data-id=\"2fbe937\" data-element_type=\"widget\" data-widget_type=\"image.default\">\n\t\t\t\t<div class=\"elementor-widget-container\">\n\t\t\t\t\t\t\t\t\t\t\t\t\t<img fetchpriority=\"high\" decoding=\"async\" width=\"667\" height=\"1000\" src=\"https:\/\/ozbau-energie.de\/bau\/wp-content\/uploads\/2022\/11\/image-engineering-objects-workplace-top-view-construction-concept-engineering-tools-vintage-tone-retro-filter-effect-soft-focus-selective-focus-1-1.jpg\" class=\"attachment-medium_large size-medium_large wp-image-803\" alt=\"\" srcset=\"https:\/\/ozbau-energie.de\/bau\/wp-content\/uploads\/2022\/11\/image-engineering-objects-workplace-top-view-construction-concept-engineering-tools-vintage-tone-retro-filter-effect-soft-focus-selective-focus-1-1.jpg 667w, https:\/\/ozbau-energie.de\/bau\/wp-content\/uploads\/2022\/11\/image-engineering-objects-workplace-top-view-construction-concept-engineering-tools-vintage-tone-retro-filter-effect-soft-focus-selective-focus-1-1-200x300.jpg 200w, https:\/\/ozbau-energie.de\/bau\/wp-content\/uploads\/2022\/11\/image-engineering-objects-workplace-top-view-construction-concept-engineering-tools-vintage-tone-retro-filter-effect-soft-focus-selective-focus-1-1-600x900.jpg 600w\" sizes=\"(max-width: 667px) 100vw, 667px\" title=\"image-engineering-objects-workplace-top-view-construction-concept-engineering-tools-vintage-tone-retro-filter-effect-soft-focus-selective-focus (1) (1)\" \/>\t\t\t\t\t\t\t\t\t\t\t\t\t<\/div>\n\t\t\t\t<\/div>\n\t\t\t\t\t<\/div>\n\t\t<\/div>\n\t\t\t\t<div class=\"elementor-column elementor-col-50 elementor-top-column elementor-element elementor-element-d5d8da8\" data-id=\"d5d8da8\" data-element_type=\"column\">\n\t\t\t<div class=\"elementor-widget-wrap elementor-element-populated\">\n\t\t\t\t\t\t<div class=\"elementor-element elementor-element-17c8dd8 elementor-widget elementor-widget-text-editor\" data-id=\"17c8dd8\" data-element_type=\"widget\" data-widget_type=\"text-editor.default\">\n\t\t\t\t<div class=\"elementor-widget-container\">\n\t\t\t\t\t\t\t<p>Gro\u00dfe Bauvorhaben in die Tat umzusetzen setzt voraus, dass ein Projekt von Beginn an gut durchdacht ist. Die Basis daf\u00fcr ist eine professionelle Projektentwicklung. OZ Bau verf\u00fcgt \u00fcber eine langj\u00e4hrige Bauexpertise im Bereich Planung, Rohbau und Schl\u00fcsselfertigbau. Aus dieser Erfahrung heraus ist es dem Unternehmen m\u00f6glich, auch gro\u00df angelegte Geb\u00e4udekonzepte f\u00fcr gewerbliche Kunden und Investoren zu entwickeln und zu betreuen.<\/p><p>Entscheidend ist es, von Beginn an die drei grundlegenden Faktoren, die zum Erfolg bei der Durchf\u00fchrung und auch zur Nachhaltigkeit eines Projektes beitragen, exakt und zuverl\u00e4ssig zu bestimmen: Der ideale Standort, das Kapital, das zur Durchf\u00fchrung notwendig ist und die Idee, die mit dem Projekt verwirklicht werden soll, sind zu definieren, zu analysieren, auf ihre Umsetzbarkeit zu \u00fcberpr\u00fcfen und auch im Laufe eines Projektes permanent nachzuhalten. Entsprechend der Zielsetzung des Bauherren und Auftraggebers m\u00fcssen diese Faktoren realistisch auf die Gegebenheiten abgestimmt und angepasst werden. Gepr\u00fcft wird das Bauprojekt dabei hinsichtlich der organisatorischen, technischen, rechtlichen, zeitlichen und wirtschaftlichen Umsetzbarkeit und hinsichtlich der ben\u00f6tigten Ressourcen und deren Verf\u00fcgbarkeit.<\/p><p>Die Initiierung des Projektes steht am Beginn des immobilienwirtschaftlichen Lebenszyklus \u2013 die Nutzung der Immobilie ist das Ziel. OZ Bau ist durch seine einzelnen Gesch\u00e4ftsbereiche in der Lage, alle Gebiete, die f\u00fcr eine erfolgreiche Projektentwicklung notwendig sind, abzudecken. Ein Expertenteam aus allen Disziplinen der Immobilienwirtschaft, wie Architekten, Bauingenieure und Betriebswirte, steht dabei mit professionellem Fachwissen und langj\u00e4hriger Erfahrung bei der Entwicklung zur Verf\u00fcgung.<\/p>\t\t\t\t\t\t<\/div>\n\t\t\t\t<\/div>\n\t\t\t\t\t<\/div>\n\t\t<\/div>\n\t\t\t\t\t<\/div>\n\t\t<\/section>\n\t\t\t\t<section class=\"elementor-section elementor-top-section elementor-element elementor-element-353c05b elementor-section-boxed elementor-section-height-default elementor-section-height-default\" data-id=\"353c05b\" data-element_type=\"section\">\n\t\t\t\t\t\t<div class=\"elementor-container elementor-column-gap-default\">\n\t\t\t\t\t<div class=\"elementor-column elementor-col-100 elementor-top-column elementor-element elementor-element-7aec023\" data-id=\"7aec023\" data-element_type=\"column\">\n\t\t\t<div class=\"elementor-widget-wrap\">\n\t\t\t\t\t\t\t<\/div>\n\t\t<\/div>\n\t\t\t\t\t<\/div>\n\t\t<\/section>\n\t\t\t\t<\/div>\n\t\t","protected":false},"excerpt":{"rendered":"<p>PROJEKTENTWICKLUNG Gro\u00dfe Bauvorhaben in die Tat umzusetzen setzt voraus, dass ein Projekt von Beginn an gut durchdacht ist. Die Basis daf\u00fcr ist eine professionelle Projektentwicklung. OZ Bau verf\u00fcgt \u00fcber eine langj\u00e4hrige Bauexpertise im Bereich Planung, Rohbau und Schl\u00fcsselfertigbau. Aus dieser Erfahrung heraus ist es dem Unternehmen m\u00f6glich, auch gro\u00df angelegte Geb\u00e4udekonzepte f\u00fcr gewerbliche Kunden und [&hellip;]<\/p>\n","protected":false},"author":1,"featured_media":0,"parent":0,"menu_order":0,"comment_status":"closed","ping_status":"closed","template":"page-templates\/template-fullwidth.php","meta":{"footnotes":""},"class_list":["post-797","page","type-page","status-publish","hentry"],"_links":{"self":[{"href":"https:\/\/ozbau-energie.de\/bau\/index.php\/wp-json\/wp\/v2\/pages\/797","targetHints":{"allow":["GET"]}}],"collection":[{"href":"https:\/\/ozbau-energie.de\/bau\/index.php\/wp-json\/wp\/v2\/pages"}],"about":[{"href":"https:\/\/ozbau-energie.de\/bau\/index.php\/wp-json\/wp\/v2\/types\/page"}],"author":[{"embeddable":true,"href":"https:\/\/ozbau-energie.de\/bau\/index.php\/wp-json\/wp\/v2\/users\/1"}],"replies":[{"embeddable":true,"href":"https:\/\/ozbau-energie.de\/bau\/index.php\/wp-json\/wp\/v2\/comments?post=797"}],"version-history":[{"count":7,"href":"https:\/\/ozbau-energie.de\/bau\/index.php\/wp-json\/wp\/v2\/pages\/797\/revisions"}],"predecessor-version":[{"id":806,"href":"https:\/\/ozbau-energie.de\/bau\/index.php\/wp-json\/wp\/v2\/pages\/797\/revisions\/806"}],"wp:attachment":[{"href":"https:\/\/ozbau-energie.de\/bau\/index.php\/wp-json\/wp\/v2\/media?parent=797"}],"curies":[{"name":"wp","href":"https:\/\/api.w.org\/{rel}","templated":true}]}}