{"id":808,"date":"2022-11-09T09:57:36","date_gmt":"2022-11-09T09:57:36","guid":{"rendered":"https:\/\/ozbau-energie.de\/bau\/?page_id=808"},"modified":"2022-11-09T10:00:24","modified_gmt":"2022-11-09T10:00:24","slug":"planung","status":"publish","type":"page","link":"https:\/\/ozbau-energie.de\/bau\/index.php\/planung\/","title":{"rendered":"PLANUNG"},"content":{"rendered":"\t\t<div data-elementor-type=\"wp-page\" data-elementor-id=\"808\" class=\"elementor elementor-808\">\n\t\t\t\t\t\t<section class=\"elementor-section elementor-top-section elementor-element elementor-element-e939790 elementor-section-boxed elementor-section-height-default elementor-section-height-default\" data-id=\"e939790\" data-element_type=\"section\">\n\t\t\t\t\t\t<div class=\"elementor-container elementor-column-gap-default\">\n\t\t\t\t\t<div class=\"elementor-column elementor-col-100 elementor-top-column elementor-element elementor-element-0dd9f15\" data-id=\"0dd9f15\" data-element_type=\"column\">\n\t\t\t<div class=\"elementor-widget-wrap elementor-element-populated\">\n\t\t\t\t\t\t<div class=\"elementor-element elementor-element-b1035fe elementor-widget elementor-widget-heading\" data-id=\"b1035fe\" data-element_type=\"widget\" data-widget_type=\"heading.default\">\n\t\t\t\t<div class=\"elementor-widget-container\">\n\t\t\t<h2 class=\"elementor-heading-title elementor-size-default\">PLANUNG<\/h2>\t\t<\/div>\n\t\t\t\t<\/div>\n\t\t\t\t\t<\/div>\n\t\t<\/div>\n\t\t\t\t\t<\/div>\n\t\t<\/section>\n\t\t\t\t<section class=\"elementor-section elementor-top-section elementor-element elementor-element-8998d88 elementor-section-boxed elementor-section-height-default elementor-section-height-default\" data-id=\"8998d88\" data-element_type=\"section\">\n\t\t\t\t\t\t<div class=\"elementor-container elementor-column-gap-default\">\n\t\t\t\t\t<div class=\"elementor-column elementor-col-50 elementor-top-column elementor-element elementor-element-171c346\" data-id=\"171c346\" data-element_type=\"column\">\n\t\t\t<div class=\"elementor-widget-wrap elementor-element-populated\">\n\t\t\t\t\t\t<div class=\"elementor-element elementor-element-1514807 elementor-widget elementor-widget-image\" data-id=\"1514807\" data-element_type=\"widget\" data-widget_type=\"image.default\">\n\t\t\t\t<div class=\"elementor-widget-container\">\n\t\t\t\t\t\t\t\t\t\t\t\t\t<img fetchpriority=\"high\" decoding=\"async\" width=\"705\" height=\"499\" src=\"https:\/\/ozbau-energie.de\/bau\/wp-content\/uploads\/2022\/11\/image-engineering-objects-workplace-top-view-construction-concept-engineering-tools-vintage-tone-retro-filter-effect-soft-focus-selective-focus-2-1-705x499.jpg\" class=\"attachment-thumb-portfolio size-thumb-portfolio wp-image-813\" alt=\"\" title=\"image-engineering-objects-workplace-top-view-construction-concept-engineering-tools-vintage-tone-retro-filter-effect-soft-focus-selective-focus (2) (1)\" \/>\t\t\t\t\t\t\t\t\t\t\t\t\t<\/div>\n\t\t\t\t<\/div>\n\t\t\t\t\t<\/div>\n\t\t<\/div>\n\t\t\t\t<div class=\"elementor-column elementor-col-50 elementor-top-column elementor-element elementor-element-0691a98\" data-id=\"0691a98\" data-element_type=\"column\">\n\t\t\t<div class=\"elementor-widget-wrap elementor-element-populated\">\n\t\t\t\t\t\t<div class=\"elementor-element elementor-element-853d2e6 elementor-widget elementor-widget-text-editor\" data-id=\"853d2e6\" data-element_type=\"widget\" data-widget_type=\"text-editor.default\">\n\t\t\t\t<div class=\"elementor-widget-container\">\n\t\t\t\t\t\t\t<p>Erfahrung zahlt sich aus \u2013 ganz besonders im Ausbau: Gerne sind wir bereits in der Planungsphase mit unserem Know-how an Ihrer Seite. Wir unterst\u00fctzen Sie bedarfsgerecht bei der Erstellung der Ausf\u00fchrungsplanung mit Architekten und technischen Systemplanern. Den Umfang unserer Planungsleistung bestimmen Sie dabei ganz individuell. Die Planung als Dienstleistung ist bei uns in besten H\u00e4nden, denn wir wissen, welche L\u00f6sungen sich in der Praxis bew\u00e4hren.<\/p><p>Der Digitalisierung tragen wir mit BIM Rechnung: Dabei steht BIM \u2013 Building Information Modeling \u2013 f\u00fcr eine gemeinsame Arbeitsmethode aller Projektbeteiligten. Wir als OZ Ausbau gehen den Weg in die digitale Zukunft gemeinsam mit unseren Kunden und arbeiten in unserem klassischen Gesch\u00e4ftsfeld der Bauausf\u00fchrung bei ausgew\u00e4hlten Projekten bereits mit der BIM-Methode. Sprechen Sie zu uns zu diesem wegweisenden Thema an.<\/p>\t\t\t\t\t\t<\/div>\n\t\t\t\t<\/div>\n\t\t\t\t\t<\/div>\n\t\t<\/div>\n\t\t\t\t\t<\/div>\n\t\t<\/section>\n\t\t\t\t<\/div>\n\t\t","protected":false},"excerpt":{"rendered":"<p>PLANUNG Erfahrung zahlt sich aus \u2013 ganz besonders im Ausbau: Gerne sind wir bereits in der Planungsphase mit unserem Know-how an Ihrer Seite. Wir unterst\u00fctzen Sie bedarfsgerecht bei der Erstellung der Ausf\u00fchrungsplanung mit Architekten und technischen Systemplanern. Den Umfang unserer Planungsleistung bestimmen Sie dabei ganz individuell. Die Planung als Dienstleistung ist bei uns in besten [&hellip;]<\/p>\n","protected":false},"author":1,"featured_media":0,"parent":0,"menu_order":0,"comment_status":"closed","ping_status":"closed","template":"page-templates\/template-fullwidth.php","meta":{"footnotes":""},"class_list":["post-808","page","type-page","status-publish","hentry"],"_links":{"self":[{"href":"https:\/\/ozbau-energie.de\/bau\/index.php\/wp-json\/wp\/v2\/pages\/808","targetHints":{"allow":["GET"]}}],"collection":[{"href":"https:\/\/ozbau-energie.de\/bau\/index.php\/wp-json\/wp\/v2\/pages"}],"about":[{"href":"https:\/\/ozbau-energie.de\/bau\/index.php\/wp-json\/wp\/v2\/types\/page"}],"author":[{"embeddable":true,"href":"https:\/\/ozbau-energie.de\/bau\/index.php\/wp-json\/wp\/v2\/users\/1"}],"replies":[{"embeddable":true,"href":"https:\/\/ozbau-energie.de\/bau\/index.php\/wp-json\/wp\/v2\/comments?post=808"}],"version-history":[{"count":7,"href":"https:\/\/ozbau-energie.de\/bau\/index.php\/wp-json\/wp\/v2\/pages\/808\/revisions"}],"predecessor-version":[{"id":816,"href":"https:\/\/ozbau-energie.de\/bau\/index.php\/wp-json\/wp\/v2\/pages\/808\/revisions\/816"}],"wp:attachment":[{"href":"https:\/\/ozbau-energie.de\/bau\/index.php\/wp-json\/wp\/v2\/media?parent=808"}],"curies":[{"name":"wp","href":"https:\/\/api.w.org\/{rel}","templated":true}]}}