{"id":883,"date":"2023-01-05T11:44:05","date_gmt":"2023-01-05T11:44:05","guid":{"rendered":"https:\/\/ozbau-energie.de\/bau\/?page_id=883"},"modified":"2023-01-05T14:11:58","modified_gmt":"2023-01-05T14:11:58","slug":"rohbau-2","status":"publish","type":"page","link":"https:\/\/ozbau-energie.de\/bau\/index.php\/rohbau-2\/","title":{"rendered":"ROHBAU"},"content":{"rendered":"\t\t<div data-elementor-type=\"wp-page\" data-elementor-id=\"883\" class=\"elementor elementor-883\">\n\t\t\t\t\t\t<section class=\"elementor-section elementor-top-section elementor-element elementor-element-425c592 elementor-section-boxed elementor-section-height-default elementor-section-height-default\" data-id=\"425c592\" data-element_type=\"section\">\n\t\t\t\t\t\t<div class=\"elementor-container elementor-column-gap-default\">\n\t\t\t\t\t<div class=\"elementor-column elementor-col-33 elementor-top-column elementor-element elementor-element-233ac01\" data-id=\"233ac01\" data-element_type=\"column\">\n\t\t\t<div class=\"elementor-widget-wrap elementor-element-populated\">\n\t\t\t\t\t\t<div class=\"elementor-element elementor-element-b4be0cd elementor-align-center bdt-reveal-preload bdt-reveal-effects-yes elementor-widget elementor-widget-button\" data-id=\"b4be0cd\" data-element_type=\"widget\" data-settings=\"{&quot;element_pack_reveal_effects_enable&quot;:&quot;yes&quot;,&quot;element_pack_reveal_effects_direction&quot;:&quot;c&quot;,&quot;element_pack_reveal_effects_easing&quot;:&quot;easeOutQuad&quot;,&quot;element_pack_reveal_effects_speed&quot;:{&quot;unit&quot;:&quot;px&quot;,&quot;size&quot;:2,&quot;sizes&quot;:[]}}\" style=\"--ep-reveal-effects-init: 0;\" data-widget_type=\"button.default\">\n\t\t\t\t<div class=\"elementor-widget-container\">\n\t\t\t\t\t<div class=\"elementor-button-wrapper\">\n\t\t\t<a class=\"elementor-button elementor-button-link elementor-size-sm\" href=\"https:\/\/ozbau-energie.de\/bau\/index.php\/maurerarbeiten\/\">\n\t\t\t\t\t\t<span class=\"elementor-button-content-wrapper\">\n\t\t\t\t\t\t\t\t\t<span class=\"elementor-button-text\"> MAURERARBEITEN<\/span>\n\t\t\t\t\t<\/span>\n\t\t\t\t\t<\/a>\n\t\t<\/div>\n\t\t\t\t<\/div>\n\t\t\t\t<\/div>\n\t\t\t\t\t<\/div>\n\t\t<\/div>\n\t\t\t\t<div class=\"elementor-column elementor-col-33 elementor-top-column elementor-element elementor-element-132c90e\" data-id=\"132c90e\" data-element_type=\"column\">\n\t\t\t<div class=\"elementor-widget-wrap elementor-element-populated\">\n\t\t\t\t\t\t<div class=\"elementor-element elementor-element-858ee18 elementor-align-center elementor-widget elementor-widget-button\" data-id=\"858ee18\" data-element_type=\"widget\" data-widget_type=\"button.default\">\n\t\t\t\t<div class=\"elementor-widget-container\">\n\t\t\t\t\t<div class=\"elementor-button-wrapper\">\n\t\t\t<a class=\"elementor-button elementor-button-link elementor-size-sm\" href=\"https:\/\/ozbau-energie.de\/bau\/index.php\/betonbau-und-stahlbetonbau\/\">\n\t\t\t\t\t\t<span class=\"elementor-button-content-wrapper\">\n\t\t\t\t\t\t\t\t\t<span class=\"elementor-button-text\"> BETONBAU<\/span>\n\t\t\t\t\t<\/span>\n\t\t\t\t\t<\/a>\n\t\t<\/div>\n\t\t\t\t<\/div>\n\t\t\t\t<\/div>\n\t\t\t\t\t<\/div>\n\t\t<\/div>\n\t\t\t\t<div class=\"elementor-column elementor-col-33 elementor-top-column elementor-element elementor-element-902a703\" data-id=\"902a703\" data-element_type=\"column\">\n\t\t\t<div class=\"elementor-widget-wrap elementor-element-populated\">\n\t\t\t\t\t\t<div class=\"elementor-element elementor-element-0e56ac3 elementor-align-center elementor-widget elementor-widget-button\" data-id=\"0e56ac3\" data-element_type=\"widget\" data-widget_type=\"button.default\">\n\t\t\t\t<div class=\"elementor-widget-container\">\n\t\t\t\t\t<div class=\"elementor-button-wrapper\">\n\t\t\t<a class=\"elementor-button elementor-button-link elementor-size-sm\" href=\"https:\/\/ozbau-energie.de\/bau\/index.php\/schalung-eisenflechten-2\/\">\n\t\t\t\t\t\t<span class=\"elementor-button-content-wrapper\">\n\t\t\t\t\t\t\t\t\t<span class=\"elementor-button-text\">SCHALUNG & EISENFLECHTEN<\/span>\n\t\t\t\t\t<\/span>\n\t\t\t\t\t<\/a>\n\t\t<\/div>\n\t\t\t\t<\/div>\n\t\t\t\t<\/div>\n\t\t\t\t\t<\/div>\n\t\t<\/div>\n\t\t\t\t\t<\/div>\n\t\t<\/section>\n\t\t\t\t<section class=\"elementor-section elementor-top-section elementor-element elementor-element-4f15f6f elementor-section-boxed elementor-section-height-default elementor-section-height-default\" data-id=\"4f15f6f\" data-element_type=\"section\">\n\t\t\t\t\t\t<div class=\"elementor-container elementor-column-gap-default\">\n\t\t\t\t\t<div class=\"elementor-column elementor-col-50 elementor-top-column elementor-element elementor-element-1be1d3c\" data-id=\"1be1d3c\" data-element_type=\"column\">\n\t\t\t<div class=\"elementor-widget-wrap elementor-element-populated\">\n\t\t\t\t\t\t<div class=\"elementor-element elementor-element-066ec26 elementor-widget elementor-widget-image\" data-id=\"066ec26\" data-element_type=\"widget\" data-widget_type=\"image.default\">\n\t\t\t\t<div class=\"elementor-widget-container\">\n\t\t\t\t\t\t\t\t\t\t\t\t\t<img fetchpriority=\"high\" decoding=\"async\" width=\"1707\" height=\"2560\" src=\"https:\/\/ozbau-energie.de\/bau\/wp-content\/uploads\/2022\/11\/pexels-mathias-reding-7108780-1-scaled.jpg\" class=\"attachment-full size-full wp-image-767\" alt=\"\" srcset=\"https:\/\/ozbau-energie.de\/bau\/wp-content\/uploads\/2022\/11\/pexels-mathias-reding-7108780-1-scaled.jpg 1707w, https:\/\/ozbau-energie.de\/bau\/wp-content\/uploads\/2022\/11\/pexels-mathias-reding-7108780-1-200x300.jpg 200w, https:\/\/ozbau-energie.de\/bau\/wp-content\/uploads\/2022\/11\/pexels-mathias-reding-7108780-1-683x1024.jpg 683w, https:\/\/ozbau-energie.de\/bau\/wp-content\/uploads\/2022\/11\/pexels-mathias-reding-7108780-1-768x1152.jpg 768w, https:\/\/ozbau-energie.de\/bau\/wp-content\/uploads\/2022\/11\/pexels-mathias-reding-7108780-1-1024x1536.jpg 1024w, https:\/\/ozbau-energie.de\/bau\/wp-content\/uploads\/2022\/11\/pexels-mathias-reding-7108780-1-1365x2048.jpg 1365w, https:\/\/ozbau-energie.de\/bau\/wp-content\/uploads\/2022\/11\/pexels-mathias-reding-7108780-1-600x900.jpg 600w\" sizes=\"(max-width: 1707px) 100vw, 1707px\" title=\"pexels-mathias-reding-7108780 (1)\" \/>\t\t\t\t\t\t\t\t\t\t\t\t\t<\/div>\n\t\t\t\t<\/div>\n\t\t\t\t\t<\/div>\n\t\t<\/div>\n\t\t\t\t<div class=\"elementor-column elementor-col-50 elementor-top-column elementor-element elementor-element-925a079\" data-id=\"925a079\" data-element_type=\"column\">\n\t\t\t<div class=\"elementor-widget-wrap elementor-element-populated\">\n\t\t\t\t\t\t<div class=\"elementor-element elementor-element-64291fd elementor-widget elementor-widget-text-editor\" data-id=\"64291fd\" data-element_type=\"widget\" data-widget_type=\"text-editor.default\">\n\t\t\t\t<div class=\"elementor-widget-container\">\n\t\t\t\t\t\t\t<h2>ROHBAU: DEFINITION UND LEISTUNGSSPEKTRUM<\/h2><section id=\"c9945\" class=\" content-element content-element-text \"><div class=\"content-element-outer-wrapper\"><div class=\"content-element-wrapper\"><h2 class=\"csc-firstHeader\">Welche Leistungen geh\u00f6ren zum Rohbau?<\/h2><p>Eine wirkliche einheitliche Festlegung, welche Leistungen genau erbracht worden sind, damit man von einem Rohbau spricht, gibt es nicht. Das hat vor allem mit den vielf\u00e4ltigen M\u00f6glichkeiten beim Hausbau zu tun. Prinzipiell stehen bei einem Rohbau die Grundmauern und es kann anschlie\u00dfend mit dem Innenausbau begonnen werden.\u00a0<strong>F\u00fcr die Fertigstellung des Rohbaus m\u00fcssen also folgende Elemente abgeschlossen sein:<\/strong><\/p><ul><li>Die statisch korrekte Verlegung der Bodenplatte<\/li><li>Die gegebenenfalls zu erfolgende Unterkellerung<\/li><li>Die Au\u00dfenw\u00e4nde des Geb\u00e4udes<\/li><li>Die tragenden Innenw\u00e4nde des Geb\u00e4udes<\/li><li>Die Dachkonstruktion beziehungsweise der Dachstuhl<\/li><\/ul><\/div><\/div><\/section><section id=\"c9938\" class=\" content-element content-element-text \"><div class=\"content-element-outer-wrapper\"><div class=\"content-element-wrapper\"><h2 class=\"csc-firstHeader\">Einheitliche Definitionen eines Rohbaus sind nicht vorhanden<\/h2><p>Es gibt keine bundesweite Regelung, welchen Umfang die Bauma\u00dfnahmen haben m\u00fcssen, damit ein Rohbau als solcher bezeichnet werden darf. Einzelne Bundesl\u00e4nder haben allerdings in ihren Landesbauordnungen entsprechende Regeln aufgestellt. Somit ist klar ersichtlich, wann Rohbauten fertiggestellt wurden. So gilt beispielsweise in Niedersachsen, dass ein Rohbau dann abgeschlossen ist, \u201ewenn die tragenden Teile, die Schornsteine, die Brandw\u00e4nde und die Dachkonstruktion\u201c fertiggestellt wurden. Gibt es im eigenen Bundesland keine solche Regelung in der Landesbauordnung, m\u00fcssen zwischen Anbieter und Bauherren die Kriterien f\u00fcr den Abschluss dieses Bauschrittes vertraglich festgehalten werden.<\/p><\/div><\/div><\/section>\t\t\t\t\t\t<\/div>\n\t\t\t\t<\/div>\n\t\t\t\t\t<\/div>\n\t\t<\/div>\n\t\t\t\t\t<\/div>\n\t\t<\/section>\n\t\t\t\t<section class=\"elementor-section elementor-top-section elementor-element elementor-element-7674d42 elementor-section-boxed elementor-section-height-default elementor-section-height-default\" data-id=\"7674d42\" data-element_type=\"section\">\n\t\t\t\t\t\t<div class=\"elementor-container elementor-column-gap-default\">\n\t\t\t\t\t<div class=\"elementor-column elementor-col-100 elementor-top-column elementor-element elementor-element-58da347\" data-id=\"58da347\" data-element_type=\"column\">\n\t\t\t<div class=\"elementor-widget-wrap\">\n\t\t\t\t\t\t\t<\/div>\n\t\t<\/div>\n\t\t\t\t\t<\/div>\n\t\t<\/section>\n\t\t\t\t<\/div>\n\t\t","protected":false},"excerpt":{"rendered":"<p>MAURERARBEITEN BETONBAU SCHALUNG &amp; EISENFLECHTEN ROHBAU: DEFINITION UND LEISTUNGSSPEKTRUM Welche Leistungen geh\u00f6ren zum Rohbau? Eine wirkliche einheitliche Festlegung, welche Leistungen genau erbracht worden sind, damit man von einem Rohbau spricht, gibt es nicht. Das hat vor allem mit den vielf\u00e4ltigen M\u00f6glichkeiten beim Hausbau zu tun. Prinzipiell stehen bei einem Rohbau die Grundmauern und es kann [&hellip;]<\/p>\n","protected":false},"author":1,"featured_media":0,"parent":0,"menu_order":0,"comment_status":"closed","ping_status":"closed","template":"page-templates\/template-fullwidth.php","meta":{"footnotes":""},"class_list":["post-883","page","type-page","status-publish","hentry"],"_links":{"self":[{"href":"https:\/\/ozbau-energie.de\/bau\/index.php\/wp-json\/wp\/v2\/pages\/883","targetHints":{"allow":["GET"]}}],"collection":[{"href":"https:\/\/ozbau-energie.de\/bau\/index.php\/wp-json\/wp\/v2\/pages"}],"about":[{"href":"https:\/\/ozbau-energie.de\/bau\/index.php\/wp-json\/wp\/v2\/types\/page"}],"author":[{"embeddable":true,"href":"https:\/\/ozbau-energie.de\/bau\/index.php\/wp-json\/wp\/v2\/users\/1"}],"replies":[{"embeddable":true,"href":"https:\/\/ozbau-energie.de\/bau\/index.php\/wp-json\/wp\/v2\/comments?post=883"}],"version-history":[{"count":31,"href":"https:\/\/ozbau-energie.de\/bau\/index.php\/wp-json\/wp\/v2\/pages\/883\/revisions"}],"predecessor-version":[{"id":980,"href":"https:\/\/ozbau-energie.de\/bau\/index.php\/wp-json\/wp\/v2\/pages\/883\/revisions\/980"}],"wp:attachment":[{"href":"https:\/\/ozbau-energie.de\/bau\/index.php\/wp-json\/wp\/v2\/media?parent=883"}],"curies":[{"name":"wp","href":"https:\/\/api.w.org\/{rel}","templated":true}]}}