{"id":901,"date":"2023-01-05T13:00:59","date_gmt":"2023-01-05T13:00:59","guid":{"rendered":"https:\/\/ozbau-energie.de\/bau\/?page_id=901"},"modified":"2023-01-05T13:47:19","modified_gmt":"2023-01-05T13:47:19","slug":"schalung-eisenflechten-2","status":"publish","type":"page","link":"https:\/\/ozbau-energie.de\/bau\/index.php\/schalung-eisenflechten-2\/","title":{"rendered":"SCHALUNG &#038; EISENFLECHTEN"},"content":{"rendered":"\t\t<div data-elementor-type=\"wp-page\" data-elementor-id=\"901\" class=\"elementor elementor-901\">\n\t\t\t\t\t\t<section class=\"elementor-section elementor-top-section elementor-element elementor-element-216bae8 elementor-section-boxed elementor-section-height-default elementor-section-height-default\" data-id=\"216bae8\" data-element_type=\"section\">\n\t\t\t\t\t\t<div class=\"elementor-container elementor-column-gap-default\">\n\t\t\t\t\t<div class=\"elementor-column elementor-col-100 elementor-top-column elementor-element elementor-element-ac8583f\" data-id=\"ac8583f\" data-element_type=\"column\">\n\t\t\t<div class=\"elementor-widget-wrap elementor-element-populated\">\n\t\t\t\t\t\t<div class=\"elementor-element elementor-element-3479a29 elementor-widget elementor-widget-spacer\" data-id=\"3479a29\" data-element_type=\"widget\" data-widget_type=\"spacer.default\">\n\t\t\t\t<div class=\"elementor-widget-container\">\n\t\t\t\t\t<div class=\"elementor-spacer\">\n\t\t\t<div class=\"elementor-spacer-inner\"><\/div>\n\t\t<\/div>\n\t\t\t\t<\/div>\n\t\t\t\t<\/div>\n\t\t\t\t\t<\/div>\n\t\t<\/div>\n\t\t\t\t\t<\/div>\n\t\t<\/section>\n\t\t\t\t<section class=\"elementor-section elementor-top-section elementor-element elementor-element-2859f0b elementor-section-boxed elementor-section-height-default elementor-section-height-default\" data-id=\"2859f0b\" data-element_type=\"section\">\n\t\t\t\t\t\t<div class=\"elementor-container elementor-column-gap-default\">\n\t\t\t\t\t<div class=\"elementor-column elementor-col-50 elementor-top-column elementor-element elementor-element-63f98ad\" data-id=\"63f98ad\" data-element_type=\"column\">\n\t\t\t<div class=\"elementor-widget-wrap elementor-element-populated\">\n\t\t\t\t\t\t<div class=\"elementor-element elementor-element-e0e61c5 elementor-widget elementor-widget-heading\" data-id=\"e0e61c5\" data-element_type=\"widget\" data-widget_type=\"heading.default\">\n\t\t\t\t<div class=\"elementor-widget-container\">\n\t\t\t<h2 class=\"elementor-heading-title elementor-size-default\">Schalung & Eisenflechten<\/h2>\t\t<\/div>\n\t\t\t\t<\/div>\n\t\t\t\t\t<\/div>\n\t\t<\/div>\n\t\t\t\t<div class=\"elementor-column elementor-col-50 elementor-top-column elementor-element elementor-element-e708c52\" data-id=\"e708c52\" data-element_type=\"column\">\n\t\t\t<div class=\"elementor-widget-wrap elementor-element-populated\">\n\t\t\t\t\t\t<div class=\"elementor-element elementor-element-dbc395b elementor-widget elementor-widget-text-editor\" data-id=\"dbc395b\" data-element_type=\"widget\" data-widget_type=\"text-editor.default\">\n\t\t\t\t<div class=\"elementor-widget-container\">\n\t\t\t\t\t\t\t<p>R\u00f6deln, auch Stahlflechten genannt, ist eine T\u00e4tigkeit auf Baustellen, bei der mit Draht verschiedene Lagen einer Beton-Stahlbewehrung verbunden werden. Dies dient der Lagesicherung der Bewehrung beim Betonieren.<\/p>\t\t\t\t\t\t<\/div>\n\t\t\t\t<\/div>\n\t\t\t\t\t<\/div>\n\t\t<\/div>\n\t\t\t\t\t<\/div>\n\t\t<\/section>\n\t\t\t\t<section class=\"elementor-section elementor-top-section elementor-element elementor-element-2a005c5 elementor-section-boxed elementor-section-height-default elementor-section-height-default\" data-id=\"2a005c5\" data-element_type=\"section\">\n\t\t\t\t\t\t<div class=\"elementor-container elementor-column-gap-default\">\n\t\t\t\t\t<div class=\"elementor-column elementor-col-100 elementor-top-column elementor-element elementor-element-8ea9e82\" data-id=\"8ea9e82\" data-element_type=\"column\">\n\t\t\t<div class=\"elementor-widget-wrap elementor-element-populated\">\n\t\t\t\t\t\t<div class=\"elementor-element elementor-element-b736382 elementor-widget elementor-widget-spacer\" data-id=\"b736382\" data-element_type=\"widget\" data-widget_type=\"spacer.default\">\n\t\t\t\t<div class=\"elementor-widget-container\">\n\t\t\t\t\t<div class=\"elementor-spacer\">\n\t\t\t<div class=\"elementor-spacer-inner\"><\/div>\n\t\t<\/div>\n\t\t\t\t<\/div>\n\t\t\t\t<\/div>\n\t\t\t\t\t<\/div>\n\t\t<\/div>\n\t\t\t\t\t<\/div>\n\t\t<\/section>\n\t\t\t\t<section class=\"elementor-section elementor-top-section elementor-element elementor-element-6d838db elementor-section-boxed elementor-section-height-default elementor-section-height-default\" data-id=\"6d838db\" data-element_type=\"section\">\n\t\t\t\t\t\t<div class=\"elementor-container elementor-column-gap-default\">\n\t\t\t\t\t<div class=\"elementor-column elementor-col-33 elementor-top-column elementor-element elementor-element-e9db85c\" data-id=\"e9db85c\" data-element_type=\"column\">\n\t\t\t<div class=\"elementor-widget-wrap elementor-element-populated\">\n\t\t\t\t\t\t<div class=\"elementor-element elementor-element-807d495 elementor-widget elementor-widget-text-editor\" data-id=\"807d495\" data-element_type=\"widget\" data-widget_type=\"text-editor.default\">\n\t\t\t\t<div class=\"elementor-widget-container\">\n\t\t\t\t\t\t\t<p>Unser Team besteht unter anderem aus erfahrenen und qualifizierten\u00a0Eisenflechtern, die gr\u00f6\u00dfte Qualit\u00e4t, eine saubere Ausrichtung und sichere Verbindungen der\u00a0Betonstahlverlegung sicherstellen<\/p>\t\t\t\t\t\t<\/div>\n\t\t\t\t<\/div>\n\t\t\t\t\t<\/div>\n\t\t<\/div>\n\t\t\t\t<div class=\"elementor-column elementor-col-33 elementor-top-column elementor-element elementor-element-1f30e6b\" data-id=\"1f30e6b\" data-element_type=\"column\">\n\t\t\t<div class=\"elementor-widget-wrap elementor-element-populated\">\n\t\t\t\t\t\t<div class=\"elementor-element elementor-element-e643d5d elementor-widget elementor-widget-text-editor\" data-id=\"e643d5d\" data-element_type=\"widget\" data-widget_type=\"text-editor.default\">\n\t\t\t\t<div class=\"elementor-widget-container\">\n\t\t\t\t\t\t\t<p>Robuste und genaue Verschalungen sind nat\u00fcrlich genau so wichtig wie der Rest der Arbeiten. Und auch hier arbeiten alle Mitarbeiter als ein Team.<\/p>\t\t\t\t\t\t<\/div>\n\t\t\t\t<\/div>\n\t\t\t\t\t<\/div>\n\t\t<\/div>\n\t\t\t\t<div class=\"elementor-column elementor-col-33 elementor-top-column elementor-element elementor-element-608e4d5\" data-id=\"608e4d5\" data-element_type=\"column\">\n\t\t\t<div class=\"elementor-widget-wrap elementor-element-populated\">\n\t\t\t\t\t\t<div class=\"elementor-element elementor-element-cde5588 elementor-widget elementor-widget-text-editor\" data-id=\"cde5588\" data-element_type=\"widget\" data-widget_type=\"text-editor.default\">\n\t\t\t\t<div class=\"elementor-widget-container\">\n\t\t\t\t\t\t\t<p>Durch die gute Verst\u00e4ndigung auch untereinander und gut aufeinander abgestimmte Arbeitsteilung, sind solche Arbeiten z\u00fcgig ausgef\u00fchrt.<\/p>\t\t\t\t\t\t<\/div>\n\t\t\t\t<\/div>\n\t\t\t\t\t<\/div>\n\t\t<\/div>\n\t\t\t\t\t<\/div>\n\t\t<\/section>\n\t\t\t\t<section class=\"elementor-section elementor-top-section elementor-element elementor-element-481557f elementor-section-boxed elementor-section-height-default elementor-section-height-default\" data-id=\"481557f\" data-element_type=\"section\">\n\t\t\t\t\t\t<div class=\"elementor-container elementor-column-gap-default\">\n\t\t\t\t\t<div class=\"elementor-column elementor-col-100 elementor-top-column elementor-element elementor-element-df3c6e3\" data-id=\"df3c6e3\" data-element_type=\"column\">\n\t\t\t<div class=\"elementor-widget-wrap elementor-element-populated\">\n\t\t\t\t\t\t<div class=\"elementor-element elementor-element-34e23ab elementor-widget elementor-widget-gallery\" data-id=\"34e23ab\" data-element_type=\"widget\" data-settings=\"{&quot;gap&quot;:{&quot;unit&quot;:&quot;px&quot;,&quot;size&quot;:12,&quot;sizes&quot;:[]},&quot;lazyload&quot;:&quot;yes&quot;,&quot;gallery_layout&quot;:&quot;grid&quot;,&quot;columns&quot;:4,&quot;columns_tablet&quot;:2,&quot;columns_mobile&quot;:1,&quot;gap_tablet&quot;:{&quot;unit&quot;:&quot;px&quot;,&quot;size&quot;:10,&quot;sizes&quot;:[]},&quot;gap_mobile&quot;:{&quot;unit&quot;:&quot;px&quot;,&quot;size&quot;:10,&quot;sizes&quot;:[]},&quot;link_to&quot;:&quot;file&quot;,&quot;aspect_ratio&quot;:&quot;3:2&quot;,&quot;overlay_background&quot;:&quot;yes&quot;,&quot;content_hover_animation&quot;:&quot;fade-in&quot;}\" data-widget_type=\"gallery.default\">\n\t\t\t\t<div class=\"elementor-widget-container\">\n\t\t\t\t\t<div class=\"elementor-gallery__container\">\n\t\t\t\t\t\t\t<a class=\"e-gallery-item elementor-gallery-item elementor-animated-content\" href=\"https:\/\/ozbau-energie.de\/bau\/wp-content\/uploads\/2023\/01\/WhatsApp-Image-2023-01-05-at-14.27.24.jpeg\" data-elementor-open-lightbox=\"yes\" data-elementor-lightbox-slideshow=\"all-34e23ab\" data-elementor-lightbox-title=\"WhatsApp Image 2023-01-05 at 14.27.24\" data-e-action-hash=\"#elementor-action%3Aaction%3Dlightbox%26settings%3DeyJpZCI6OTA2LCJ1cmwiOiJodHRwczpcL1wvb3piYXUtZW5lcmdpZS5kZVwvYmF1XC93cC1jb250ZW50XC91cGxvYWRzXC8yMDIzXC8wMVwvV2hhdHNBcHAtSW1hZ2UtMjAyMy0wMS0wNS1hdC0xNC4yNy4yNC5qcGVnIiwic2xpZGVzaG93IjoiYWxsLTM0ZTIzYWIifQ%3D%3D\">\n\t\t\t\t\t<div class=\"e-gallery-image elementor-gallery-item__image\" data-thumbnail=\"https:\/\/ozbau-energie.de\/bau\/wp-content\/uploads\/2023\/01\/WhatsApp-Image-2023-01-05-at-14.27.24-225x300.jpeg\" data-width=\"225\" data-height=\"300\" alt=\"\" ><\/div>\n\t\t\t\t\t\t\t\t\t\t\t<div class=\"elementor-gallery-item__overlay\"><\/div>\n\t\t\t\t\t\t\t\t\t\t\t\t\t\t<\/a>\n\t\t\t\t\t\t\t<a class=\"e-gallery-item elementor-gallery-item elementor-animated-content\" href=\"https:\/\/ozbau-energie.de\/bau\/wp-content\/uploads\/2023\/01\/WhatsApp-Image-2023-01-05-at-14.27.34.jpeg\" data-elementor-open-lightbox=\"yes\" data-elementor-lightbox-slideshow=\"all-34e23ab\" data-elementor-lightbox-title=\"WhatsApp Image 2023-01-05 at 14.27.34\" data-e-action-hash=\"#elementor-action%3Aaction%3Dlightbox%26settings%3DeyJpZCI6OTA1LCJ1cmwiOiJodHRwczpcL1wvb3piYXUtZW5lcmdpZS5kZVwvYmF1XC93cC1jb250ZW50XC91cGxvYWRzXC8yMDIzXC8wMVwvV2hhdHNBcHAtSW1hZ2UtMjAyMy0wMS0wNS1hdC0xNC4yNy4zNC5qcGVnIiwic2xpZGVzaG93IjoiYWxsLTM0ZTIzYWIifQ%3D%3D\">\n\t\t\t\t\t<div class=\"e-gallery-image elementor-gallery-item__image\" data-thumbnail=\"https:\/\/ozbau-energie.de\/bau\/wp-content\/uploads\/2023\/01\/WhatsApp-Image-2023-01-05-at-14.27.34-225x300.jpeg\" data-width=\"225\" data-height=\"300\" alt=\"\" ><\/div>\n\t\t\t\t\t\t\t\t\t\t\t<div class=\"elementor-gallery-item__overlay\"><\/div>\n\t\t\t\t\t\t\t\t\t\t\t\t\t\t<\/a>\n\t\t\t\t\t\t\t<a class=\"e-gallery-item elementor-gallery-item elementor-animated-content\" href=\"https:\/\/ozbau-energie.de\/bau\/wp-content\/uploads\/2023\/01\/WhatsApp-Image-2023-01-05-at-14.26.10.jpeg\" data-elementor-open-lightbox=\"yes\" data-elementor-lightbox-slideshow=\"all-34e23ab\" data-elementor-lightbox-title=\"WhatsApp Image 2023-01-05 at 14.26.10\" data-e-action-hash=\"#elementor-action%3Aaction%3Dlightbox%26settings%3DeyJpZCI6OTA5LCJ1cmwiOiJodHRwczpcL1wvb3piYXUtZW5lcmdpZS5kZVwvYmF1XC93cC1jb250ZW50XC91cGxvYWRzXC8yMDIzXC8wMVwvV2hhdHNBcHAtSW1hZ2UtMjAyMy0wMS0wNS1hdC0xNC4yNi4xMC5qcGVnIiwic2xpZGVzaG93IjoiYWxsLTM0ZTIzYWIifQ%3D%3D\">\n\t\t\t\t\t<div class=\"e-gallery-image elementor-gallery-item__image\" data-thumbnail=\"https:\/\/ozbau-energie.de\/bau\/wp-content\/uploads\/2023\/01\/WhatsApp-Image-2023-01-05-at-14.26.10-225x300.jpeg\" data-width=\"225\" data-height=\"300\" alt=\"\" ><\/div>\n\t\t\t\t\t\t\t\t\t\t\t<div class=\"elementor-gallery-item__overlay\"><\/div>\n\t\t\t\t\t\t\t\t\t\t\t\t\t\t<\/a>\n\t\t\t\t\t\t\t<a class=\"e-gallery-item elementor-gallery-item elementor-animated-content\" href=\"https:\/\/ozbau-energie.de\/bau\/wp-content\/uploads\/2023\/01\/WhatsApp-Image-2023-01-05-at-14.27.45.jpeg\" data-elementor-open-lightbox=\"yes\" data-elementor-lightbox-slideshow=\"all-34e23ab\" data-elementor-lightbox-title=\"WhatsApp Image 2023-01-05 at 14.27.45\" data-e-action-hash=\"#elementor-action%3Aaction%3Dlightbox%26settings%3DeyJpZCI6OTA0LCJ1cmwiOiJodHRwczpcL1wvb3piYXUtZW5lcmdpZS5kZVwvYmF1XC93cC1jb250ZW50XC91cGxvYWRzXC8yMDIzXC8wMVwvV2hhdHNBcHAtSW1hZ2UtMjAyMy0wMS0wNS1hdC0xNC4yNy40NS5qcGVnIiwic2xpZGVzaG93IjoiYWxsLTM0ZTIzYWIifQ%3D%3D\">\n\t\t\t\t\t<div class=\"e-gallery-image elementor-gallery-item__image\" data-thumbnail=\"https:\/\/ozbau-energie.de\/bau\/wp-content\/uploads\/2023\/01\/WhatsApp-Image-2023-01-05-at-14.27.45-225x300.jpeg\" data-width=\"225\" data-height=\"300\" alt=\"\" ><\/div>\n\t\t\t\t\t\t\t\t\t\t\t<div class=\"elementor-gallery-item__overlay\"><\/div>\n\t\t\t\t\t\t\t\t\t\t\t\t\t\t<\/a>\n\t\t\t\t\t\t\t<a class=\"e-gallery-item elementor-gallery-item elementor-animated-content\" href=\"https:\/\/ozbau-energie.de\/bau\/wp-content\/uploads\/2023\/01\/WhatsApp-Image-2023-01-05-at-14.14.11.jpeg\" data-elementor-open-lightbox=\"yes\" data-elementor-lightbox-slideshow=\"all-34e23ab\" data-elementor-lightbox-title=\"WhatsApp Image 2023-01-05 at 14.14.11\" data-e-action-hash=\"#elementor-action%3Aaction%3Dlightbox%26settings%3DeyJpZCI6OTEwLCJ1cmwiOiJodHRwczpcL1wvb3piYXUtZW5lcmdpZS5kZVwvYmF1XC93cC1jb250ZW50XC91cGxvYWRzXC8yMDIzXC8wMVwvV2hhdHNBcHAtSW1hZ2UtMjAyMy0wMS0wNS1hdC0xNC4xNC4xMS5qcGVnIiwic2xpZGVzaG93IjoiYWxsLTM0ZTIzYWIifQ%3D%3D\">\n\t\t\t\t\t<div class=\"e-gallery-image elementor-gallery-item__image\" data-thumbnail=\"https:\/\/ozbau-energie.de\/bau\/wp-content\/uploads\/2023\/01\/WhatsApp-Image-2023-01-05-at-14.14.11-225x300.jpeg\" data-width=\"225\" data-height=\"300\" alt=\"\" ><\/div>\n\t\t\t\t\t\t\t\t\t\t\t<div class=\"elementor-gallery-item__overlay\"><\/div>\n\t\t\t\t\t\t\t\t\t\t\t\t\t\t<\/a>\n\t\t\t\t\t\t\t<a class=\"e-gallery-item elementor-gallery-item elementor-animated-content\" href=\"https:\/\/ozbau-energie.de\/bau\/wp-content\/uploads\/2023\/01\/WhatsApp-Image-2023-01-05-at-14.27.02.jpeg\" data-elementor-open-lightbox=\"yes\" data-elementor-lightbox-slideshow=\"all-34e23ab\" data-elementor-lightbox-title=\"WhatsApp Image 2023-01-05 at 14.27.02\" data-e-action-hash=\"#elementor-action%3Aaction%3Dlightbox%26settings%3DeyJpZCI6OTA4LCJ1cmwiOiJodHRwczpcL1wvb3piYXUtZW5lcmdpZS5kZVwvYmF1XC93cC1jb250ZW50XC91cGxvYWRzXC8yMDIzXC8wMVwvV2hhdHNBcHAtSW1hZ2UtMjAyMy0wMS0wNS1hdC0xNC4yNy4wMi5qcGVnIiwic2xpZGVzaG93IjoiYWxsLTM0ZTIzYWIifQ%3D%3D\">\n\t\t\t\t\t<div class=\"e-gallery-image elementor-gallery-item__image\" data-thumbnail=\"https:\/\/ozbau-energie.de\/bau\/wp-content\/uploads\/2023\/01\/WhatsApp-Image-2023-01-05-at-14.27.02-225x300.jpeg\" data-width=\"225\" data-height=\"300\" alt=\"\" ><\/div>\n\t\t\t\t\t\t\t\t\t\t\t<div class=\"elementor-gallery-item__overlay\"><\/div>\n\t\t\t\t\t\t\t\t\t\t\t\t\t\t<\/a>\n\t\t\t\t\t\t\t<a class=\"e-gallery-item elementor-gallery-item elementor-animated-content\" href=\"https:\/\/ozbau-energie.de\/bau\/wp-content\/uploads\/2023\/01\/WhatsApp-Image-2023-01-05-at-14.27.16.jpeg\" data-elementor-open-lightbox=\"yes\" data-elementor-lightbox-slideshow=\"all-34e23ab\" data-elementor-lightbox-title=\"WhatsApp Image 2023-01-05 at 14.27.16\" data-e-action-hash=\"#elementor-action%3Aaction%3Dlightbox%26settings%3DeyJpZCI6OTA3LCJ1cmwiOiJodHRwczpcL1wvb3piYXUtZW5lcmdpZS5kZVwvYmF1XC93cC1jb250ZW50XC91cGxvYWRzXC8yMDIzXC8wMVwvV2hhdHNBcHAtSW1hZ2UtMjAyMy0wMS0wNS1hdC0xNC4yNy4xNi5qcGVnIiwic2xpZGVzaG93IjoiYWxsLTM0ZTIzYWIifQ%3D%3D\">\n\t\t\t\t\t<div class=\"e-gallery-image elementor-gallery-item__image\" data-thumbnail=\"https:\/\/ozbau-energie.de\/bau\/wp-content\/uploads\/2023\/01\/WhatsApp-Image-2023-01-05-at-14.27.16-300x225.jpeg\" data-width=\"300\" data-height=\"225\" alt=\"\" ><\/div>\n\t\t\t\t\t\t\t\t\t\t\t<div class=\"elementor-gallery-item__overlay\"><\/div>\n\t\t\t\t\t\t\t\t\t\t\t\t\t\t<\/a>\n\t\t\t\t\t<\/div>\n\t\t\t<\/div>\n\t\t\t\t<\/div>\n\t\t\t\t\t<\/div>\n\t\t<\/div>\n\t\t\t\t\t<\/div>\n\t\t<\/section>\n\t\t\t\t<\/div>\n\t\t","protected":false},"excerpt":{"rendered":"<p>Schalung &amp; Eisenflechten R\u00f6deln, auch Stahlflechten genannt, ist eine T\u00e4tigkeit auf Baustellen, bei der mit Draht verschiedene Lagen einer Beton-Stahlbewehrung verbunden werden. Dies dient der Lagesicherung der Bewehrung beim Betonieren. Unser Team besteht unter anderem aus erfahrenen und qualifizierten\u00a0Eisenflechtern, die gr\u00f6\u00dfte Qualit\u00e4t, eine saubere Ausrichtung und sichere Verbindungen der\u00a0Betonstahlverlegung sicherstellen Robuste und genaue Verschalungen sind [&hellip;]<\/p>\n","protected":false},"author":1,"featured_media":0,"parent":0,"menu_order":0,"comment_status":"closed","ping_status":"closed","template":"page-templates\/template-fullwidth.php","meta":{"footnotes":""},"class_list":["post-901","page","type-page","status-publish","hentry"],"_links":{"self":[{"href":"https:\/\/ozbau-energie.de\/bau\/index.php\/wp-json\/wp\/v2\/pages\/901","targetHints":{"allow":["GET"]}}],"collection":[{"href":"https:\/\/ozbau-energie.de\/bau\/index.php\/wp-json\/wp\/v2\/pages"}],"about":[{"href":"https:\/\/ozbau-energie.de\/bau\/index.php\/wp-json\/wp\/v2\/types\/page"}],"author":[{"embeddable":true,"href":"https:\/\/ozbau-energie.de\/bau\/index.php\/wp-json\/wp\/v2\/users\/1"}],"replies":[{"embeddable":true,"href":"https:\/\/ozbau-energie.de\/bau\/index.php\/wp-json\/wp\/v2\/comments?post=901"}],"version-history":[{"count":13,"href":"https:\/\/ozbau-energie.de\/bau\/index.php\/wp-json\/wp\/v2\/pages\/901\/revisions"}],"predecessor-version":[{"id":933,"href":"https:\/\/ozbau-energie.de\/bau\/index.php\/wp-json\/wp\/v2\/pages\/901\/revisions\/933"}],"wp:attachment":[{"href":"https:\/\/ozbau-energie.de\/bau\/index.php\/wp-json\/wp\/v2\/media?parent=901"}],"curies":[{"name":"wp","href":"https:\/\/api.w.org\/{rel}","templated":true}]}}