{"id":937,"date":"2023-01-05T13:47:41","date_gmt":"2023-01-05T13:47:41","guid":{"rendered":"https:\/\/ozbau-energie.de\/bau\/?page_id=937"},"modified":"2023-01-05T14:01:59","modified_gmt":"2023-01-05T14:01:59","slug":"maurerarbeiten","status":"publish","type":"page","link":"https:\/\/ozbau-energie.de\/bau\/index.php\/maurerarbeiten\/","title":{"rendered":"Maurerarbeiten"},"content":{"rendered":"\t\t<div data-elementor-type=\"wp-page\" data-elementor-id=\"937\" class=\"elementor elementor-937\">\n\t\t\t\t\t\t<section class=\"elementor-section elementor-top-section elementor-element elementor-element-3ade541 elementor-section-boxed elementor-section-height-default elementor-section-height-default\" data-id=\"3ade541\" data-element_type=\"section\">\n\t\t\t\t\t\t<div class=\"elementor-container elementor-column-gap-default\">\n\t\t\t\t\t<div class=\"elementor-column elementor-col-50 elementor-top-column elementor-element elementor-element-b9a85a3\" data-id=\"b9a85a3\" data-element_type=\"column\">\n\t\t\t<div class=\"elementor-widget-wrap elementor-element-populated\">\n\t\t\t\t\t\t<div class=\"elementor-element elementor-element-cc49380 elementor-widget elementor-widget-heading\" data-id=\"cc49380\" data-element_type=\"widget\" data-widget_type=\"heading.default\">\n\t\t\t\t<div class=\"elementor-widget-container\">\n\t\t\t<h2 class=\"elementor-heading-title elementor-size-default\">Maurerarbeiten<\/h2>\t\t<\/div>\n\t\t\t\t<\/div>\n\t\t\t\t\t<\/div>\n\t\t<\/div>\n\t\t\t\t<div class=\"elementor-column elementor-col-50 elementor-top-column elementor-element elementor-element-a343a9b\" data-id=\"a343a9b\" data-element_type=\"column\">\n\t\t\t<div class=\"elementor-widget-wrap elementor-element-populated\">\n\t\t\t\t\t\t<div class=\"elementor-element elementor-element-7e873b6 elementor-widget elementor-widget-text-editor\" data-id=\"7e873b6\" data-element_type=\"widget\" data-widget_type=\"text-editor.default\">\n\t\t\t\t<div class=\"elementor-widget-container\">\n\t\t\t\t\t\t\t<p>Gemeinsam bauen bedeutet vertrauen. Als Auftragnehmer nehmen wir Ihr Vertrauen sehr ernst. Wir verstehen uns als Partner und Garant f\u00fcr die hochwertige Verwirklichung Ihrer Projekte.<\/p>\t\t\t\t\t\t<\/div>\n\t\t\t\t<\/div>\n\t\t\t\t\t<\/div>\n\t\t<\/div>\n\t\t\t\t\t<\/div>\n\t\t<\/section>\n\t\t\t\t<section class=\"elementor-section elementor-top-section elementor-element elementor-element-216ecae elementor-section-boxed elementor-section-height-default elementor-section-height-default\" data-id=\"216ecae\" data-element_type=\"section\">\n\t\t\t\t\t\t<div class=\"elementor-container elementor-column-gap-default\">\n\t\t\t\t\t<div class=\"elementor-column elementor-col-33 elementor-top-column elementor-element elementor-element-4a63a76\" data-id=\"4a63a76\" data-element_type=\"column\">\n\t\t\t<div class=\"elementor-widget-wrap elementor-element-populated\">\n\t\t\t\t\t\t<div class=\"elementor-element elementor-element-bc6139e elementor-widget elementor-widget-text-editor\" data-id=\"bc6139e\" data-element_type=\"widget\" data-widget_type=\"text-editor.default\">\n\t\t\t\t<div class=\"elementor-widget-container\">\n\t\t\t\t\t\t\t<p>Wir, von der OZ Bau GmbH, sind Experten f\u00fcr alle Arten von Mauerwerk. Wir erledigen kleinere Maurerarbeiten und Umbauten, bauen Einfamilienh\u00e4user, Reihenh\u00e4user, B\u00fcro- und Firmengeb\u00e4ude. Alles rund um das Thema Mauerwerk ist unser Handwerk.<\/p>\t\t\t\t\t\t<\/div>\n\t\t\t\t<\/div>\n\t\t\t\t\t<\/div>\n\t\t<\/div>\n\t\t\t\t<div class=\"elementor-column elementor-col-33 elementor-top-column elementor-element elementor-element-515cb5e\" data-id=\"515cb5e\" data-element_type=\"column\">\n\t\t\t<div class=\"elementor-widget-wrap elementor-element-populated\">\n\t\t\t\t\t\t<div class=\"elementor-element elementor-element-a806267 elementor-widget elementor-widget-text-editor\" data-id=\"a806267\" data-element_type=\"widget\" data-widget_type=\"text-editor.default\">\n\t\t\t\t<div class=\"elementor-widget-container\">\n\t\t\t\t\t\t\t<p>W\u00e4hrend der Arbeiten stehen wir nat\u00fcrlich in engem Kontakt mit Ihnen und sind stets da, um Ihre Fragen zu beantworten. Wir haben jahrelange Erfahrung, die wir gerne f\u00fcr die Verwirklichung Ihrer Ziele einsetzen.<\/p>\t\t\t\t\t\t<\/div>\n\t\t\t\t<\/div>\n\t\t\t\t\t<\/div>\n\t\t<\/div>\n\t\t\t\t<div class=\"elementor-column elementor-col-33 elementor-top-column elementor-element elementor-element-f314f5e\" data-id=\"f314f5e\" data-element_type=\"column\">\n\t\t\t<div class=\"elementor-widget-wrap elementor-element-populated\">\n\t\t\t\t\t\t<div class=\"elementor-element elementor-element-9ecdec1 elementor-widget elementor-widget-text-editor\" data-id=\"9ecdec1\" data-element_type=\"widget\" data-widget_type=\"text-editor.default\">\n\t\t\t\t<div class=\"elementor-widget-container\">\n\t\t\t\t\t\t\t<p>Durch gute Verbindungen zu anderen Handwerksbetrieben, k\u00f6nnen wir Ihnen auch gerne dabei behilflich sein, Kontakte zu kn\u00fcpfen, um auch hier f\u00fcr einen nahtlosen \u00dcbergang bis zur Fertigstellung zu unterst\u00fctzen.<\/p>\t\t\t\t\t\t<\/div>\n\t\t\t\t<\/div>\n\t\t\t\t\t<\/div>\n\t\t<\/div>\n\t\t\t\t\t<\/div>\n\t\t<\/section>\n\t\t\t\t<section class=\"elementor-section elementor-top-section elementor-element elementor-element-3273d7e elementor-section-boxed elementor-section-height-default elementor-section-height-default\" data-id=\"3273d7e\" data-element_type=\"section\">\n\t\t\t\t\t\t<div class=\"elementor-container elementor-column-gap-default\">\n\t\t\t\t\t<div class=\"elementor-column elementor-col-100 elementor-top-column elementor-element elementor-element-d07020f\" data-id=\"d07020f\" data-element_type=\"column\">\n\t\t\t<div class=\"elementor-widget-wrap elementor-element-populated\">\n\t\t\t\t\t\t\t<\/div>\n\t\t<\/div>\n\t\t\t\t\t<\/div>\n\t\t<\/section>\n\t\t\t\t<section class=\"elementor-section elementor-top-section elementor-element elementor-element-31aa6fd elementor-section-boxed elementor-section-height-default elementor-section-height-default\" data-id=\"31aa6fd\" data-element_type=\"section\">\n\t\t\t\t\t\t<div class=\"elementor-container elementor-column-gap-default\">\n\t\t\t\t\t<div class=\"elementor-column elementor-col-100 elementor-top-column elementor-element elementor-element-bca7105\" data-id=\"bca7105\" data-element_type=\"column\">\n\t\t\t<div class=\"elementor-widget-wrap elementor-element-populated\">\n\t\t\t\t\t\t<div class=\"elementor-element elementor-element-226e2aa elementor-widget elementor-widget-gallery\" data-id=\"226e2aa\" data-element_type=\"widget\" data-settings=\"{&quot;columns&quot;:5,&quot;gap&quot;:{&quot;unit&quot;:&quot;px&quot;,&quot;size&quot;:16,&quot;sizes&quot;:[]},&quot;aspect_ratio&quot;:&quot;1:1&quot;,&quot;lazyload&quot;:&quot;yes&quot;,&quot;gallery_layout&quot;:&quot;grid&quot;,&quot;columns_tablet&quot;:2,&quot;columns_mobile&quot;:1,&quot;gap_tablet&quot;:{&quot;unit&quot;:&quot;px&quot;,&quot;size&quot;:10,&quot;sizes&quot;:[]},&quot;gap_mobile&quot;:{&quot;unit&quot;:&quot;px&quot;,&quot;size&quot;:10,&quot;sizes&quot;:[]},&quot;link_to&quot;:&quot;file&quot;,&quot;overlay_background&quot;:&quot;yes&quot;,&quot;content_hover_animation&quot;:&quot;fade-in&quot;}\" data-widget_type=\"gallery.default\">\n\t\t\t\t<div class=\"elementor-widget-container\">\n\t\t\t\t\t<div class=\"elementor-gallery__container\">\n\t\t\t\t\t\t\t<a class=\"e-gallery-item elementor-gallery-item elementor-animated-content\" href=\"https:\/\/ozbau-energie.de\/bau\/wp-content\/uploads\/2023\/01\/WhatsApp-Image-2022-11-09-at-12.51.22.jpeg\" data-elementor-open-lightbox=\"yes\" data-elementor-lightbox-slideshow=\"all-226e2aa\" data-elementor-lightbox-title=\"WhatsApp Image 2022-11-09 at 12.51.22\" data-e-action-hash=\"#elementor-action%3Aaction%3Dlightbox%26settings%3DeyJpZCI6OTQxLCJ1cmwiOiJodHRwczpcL1wvb3piYXUtZW5lcmdpZS5kZVwvYmF1XC93cC1jb250ZW50XC91cGxvYWRzXC8yMDIzXC8wMVwvV2hhdHNBcHAtSW1hZ2UtMjAyMi0xMS0wOS1hdC0xMi41MS4yMi5qcGVnIiwic2xpZGVzaG93IjoiYWxsLTIyNmUyYWEifQ%3D%3D\">\n\t\t\t\t\t<div class=\"e-gallery-image elementor-gallery-item__image\" data-thumbnail=\"https:\/\/ozbau-energie.de\/bau\/wp-content\/uploads\/2023\/01\/WhatsApp-Image-2022-11-09-at-12.51.22-300x169.jpeg\" data-width=\"300\" data-height=\"169\" alt=\"\" ><\/div>\n\t\t\t\t\t\t\t\t\t\t\t<div class=\"elementor-gallery-item__overlay\"><\/div>\n\t\t\t\t\t\t\t\t\t\t\t\t\t\t<\/a>\n\t\t\t\t\t\t\t<a class=\"e-gallery-item elementor-gallery-item elementor-animated-content\" href=\"https:\/\/ozbau-energie.de\/bau\/wp-content\/uploads\/2023\/01\/WhatsApp-Image-2022-11-09-at-12.50.50.jpeg\" data-elementor-open-lightbox=\"yes\" data-elementor-lightbox-slideshow=\"all-226e2aa\" data-elementor-lightbox-title=\"WhatsApp Image 2022-11-09 at 12.50.50\" data-e-action-hash=\"#elementor-action%3Aaction%3Dlightbox%26settings%3DeyJpZCI6OTQ0LCJ1cmwiOiJodHRwczpcL1wvb3piYXUtZW5lcmdpZS5kZVwvYmF1XC93cC1jb250ZW50XC91cGxvYWRzXC8yMDIzXC8wMVwvV2hhdHNBcHAtSW1hZ2UtMjAyMi0xMS0wOS1hdC0xMi41MC41MC5qcGVnIiwic2xpZGVzaG93IjoiYWxsLTIyNmUyYWEifQ%3D%3D\">\n\t\t\t\t\t<div class=\"e-gallery-image elementor-gallery-item__image\" data-thumbnail=\"https:\/\/ozbau-energie.de\/bau\/wp-content\/uploads\/2023\/01\/WhatsApp-Image-2022-11-09-at-12.50.50-300x169.jpeg\" data-width=\"300\" data-height=\"169\" alt=\"\" ><\/div>\n\t\t\t\t\t\t\t\t\t\t\t<div class=\"elementor-gallery-item__overlay\"><\/div>\n\t\t\t\t\t\t\t\t\t\t\t\t\t\t<\/a>\n\t\t\t\t\t\t\t<a class=\"e-gallery-item elementor-gallery-item elementor-animated-content\" href=\"https:\/\/ozbau-energie.de\/bau\/wp-content\/uploads\/2023\/01\/WhatsApp-Image-2022-11-09-at-12.51.40.jpeg\" data-elementor-open-lightbox=\"yes\" data-elementor-lightbox-slideshow=\"all-226e2aa\" data-elementor-lightbox-title=\"WhatsApp Image 2022-11-09 at 12.51.40\" data-e-action-hash=\"#elementor-action%3Aaction%3Dlightbox%26settings%3DeyJpZCI6OTQwLCJ1cmwiOiJodHRwczpcL1wvb3piYXUtZW5lcmdpZS5kZVwvYmF1XC93cC1jb250ZW50XC91cGxvYWRzXC8yMDIzXC8wMVwvV2hhdHNBcHAtSW1hZ2UtMjAyMi0xMS0wOS1hdC0xMi41MS40MC5qcGVnIiwic2xpZGVzaG93IjoiYWxsLTIyNmUyYWEifQ%3D%3D\">\n\t\t\t\t\t<div class=\"e-gallery-image elementor-gallery-item__image\" data-thumbnail=\"https:\/\/ozbau-energie.de\/bau\/wp-content\/uploads\/2023\/01\/WhatsApp-Image-2022-11-09-at-12.51.40-300x169.jpeg\" data-width=\"300\" data-height=\"169\" alt=\"\" ><\/div>\n\t\t\t\t\t\t\t\t\t\t\t<div class=\"elementor-gallery-item__overlay\"><\/div>\n\t\t\t\t\t\t\t\t\t\t\t\t\t\t<\/a>\n\t\t\t\t\t\t\t<a class=\"e-gallery-item elementor-gallery-item elementor-animated-content\" href=\"https:\/\/ozbau-energie.de\/bau\/wp-content\/uploads\/2023\/01\/WhatsApp-Image-2022-11-09-at-12.50.50-1.jpeg\" data-elementor-open-lightbox=\"yes\" data-elementor-lightbox-slideshow=\"all-226e2aa\" data-elementor-lightbox-title=\"WhatsApp Image 2022-11-09 at 12.50.50 (1)\" data-e-action-hash=\"#elementor-action%3Aaction%3Dlightbox%26settings%3DeyJpZCI6OTQzLCJ1cmwiOiJodHRwczpcL1wvb3piYXUtZW5lcmdpZS5kZVwvYmF1XC93cC1jb250ZW50XC91cGxvYWRzXC8yMDIzXC8wMVwvV2hhdHNBcHAtSW1hZ2UtMjAyMi0xMS0wOS1hdC0xMi41MC41MC0xLmpwZWciLCJzbGlkZXNob3ciOiJhbGwtMjI2ZTJhYSJ9\">\n\t\t\t\t\t<div class=\"e-gallery-image elementor-gallery-item__image\" data-thumbnail=\"https:\/\/ozbau-energie.de\/bau\/wp-content\/uploads\/2023\/01\/WhatsApp-Image-2022-11-09-at-12.50.50-1-300x300.jpeg\" data-width=\"300\" data-height=\"300\" alt=\"\" ><\/div>\n\t\t\t\t\t\t\t\t\t\t\t<div class=\"elementor-gallery-item__overlay\"><\/div>\n\t\t\t\t\t\t\t\t\t\t\t\t\t\t<\/a>\n\t\t\t\t\t\t\t<a class=\"e-gallery-item elementor-gallery-item elementor-animated-content\" href=\"https:\/\/ozbau-energie.de\/bau\/wp-content\/uploads\/2023\/01\/WhatsApp-Image-2022-11-09-at-12.50.50-2.jpeg\" data-elementor-open-lightbox=\"yes\" data-elementor-lightbox-slideshow=\"all-226e2aa\" data-elementor-lightbox-title=\"WhatsApp Image 2022-11-09 at 12.50.50 (2)\" data-e-action-hash=\"#elementor-action%3Aaction%3Dlightbox%26settings%3DeyJpZCI6OTQyLCJ1cmwiOiJodHRwczpcL1wvb3piYXUtZW5lcmdpZS5kZVwvYmF1XC93cC1jb250ZW50XC91cGxvYWRzXC8yMDIzXC8wMVwvV2hhdHNBcHAtSW1hZ2UtMjAyMi0xMS0wOS1hdC0xMi41MC41MC0yLmpwZWciLCJzbGlkZXNob3ciOiJhbGwtMjI2ZTJhYSJ9\">\n\t\t\t\t\t<div class=\"e-gallery-image elementor-gallery-item__image\" data-thumbnail=\"https:\/\/ozbau-energie.de\/bau\/wp-content\/uploads\/2023\/01\/WhatsApp-Image-2022-11-09-at-12.50.50-2-300x300.jpeg\" data-width=\"300\" data-height=\"300\" alt=\"\" ><\/div>\n\t\t\t\t\t\t\t\t\t\t\t<div class=\"elementor-gallery-item__overlay\"><\/div>\n\t\t\t\t\t\t\t\t\t\t\t\t\t\t<\/a>\n\t\t\t\t\t<\/div>\n\t\t\t<\/div>\n\t\t\t\t<\/div>\n\t\t\t\t\t<\/div>\n\t\t<\/div>\n\t\t\t\t\t<\/div>\n\t\t<\/section>\n\t\t\t\t<\/div>\n\t\t","protected":false},"excerpt":{"rendered":"<p>Maurerarbeiten Gemeinsam bauen bedeutet vertrauen. Als Auftragnehmer nehmen wir Ihr Vertrauen sehr ernst. Wir verstehen uns als Partner und Garant f\u00fcr die hochwertige Verwirklichung Ihrer Projekte. Wir, von der OZ Bau GmbH, sind Experten f\u00fcr alle Arten von Mauerwerk. Wir erledigen kleinere Maurerarbeiten und Umbauten, bauen Einfamilienh\u00e4user, Reihenh\u00e4user, B\u00fcro- und Firmengeb\u00e4ude. Alles rund um das [&hellip;]<\/p>\n","protected":false},"author":1,"featured_media":0,"parent":0,"menu_order":0,"comment_status":"closed","ping_status":"closed","template":"page-templates\/template-fullwidth.php","meta":{"footnotes":""},"class_list":["post-937","page","type-page","status-publish","hentry"],"_links":{"self":[{"href":"https:\/\/ozbau-energie.de\/bau\/index.php\/wp-json\/wp\/v2\/pages\/937","targetHints":{"allow":["GET"]}}],"collection":[{"href":"https:\/\/ozbau-energie.de\/bau\/index.php\/wp-json\/wp\/v2\/pages"}],"about":[{"href":"https:\/\/ozbau-energie.de\/bau\/index.php\/wp-json\/wp\/v2\/types\/page"}],"author":[{"embeddable":true,"href":"https:\/\/ozbau-energie.de\/bau\/index.php\/wp-json\/wp\/v2\/users\/1"}],"replies":[{"embeddable":true,"href":"https:\/\/ozbau-energie.de\/bau\/index.php\/wp-json\/wp\/v2\/comments?post=937"}],"version-history":[{"count":4,"href":"https:\/\/ozbau-energie.de\/bau\/index.php\/wp-json\/wp\/v2\/pages\/937\/revisions"}],"predecessor-version":[{"id":947,"href":"https:\/\/ozbau-energie.de\/bau\/index.php\/wp-json\/wp\/v2\/pages\/937\/revisions\/947"}],"wp:attachment":[{"href":"https:\/\/ozbau-energie.de\/bau\/index.php\/wp-json\/wp\/v2\/media?parent=937"}],"curies":[{"name":"wp","href":"https:\/\/api.w.org\/{rel}","templated":true}]}}