{"id":989,"date":"2023-06-09T12:46:00","date_gmt":"2023-06-09T12:46:00","guid":{"rendered":"https:\/\/ozbau-energie.de\/bau\/?page_id=989"},"modified":"2023-06-09T13:04:19","modified_gmt":"2023-06-09T13:04:19","slug":"abrissarbeiten","status":"publish","type":"page","link":"https:\/\/ozbau-energie.de\/bau\/index.php\/abrissarbeiten\/","title":{"rendered":"Abrissarbeiten"},"content":{"rendered":"\t\t<div data-elementor-type=\"wp-page\" data-elementor-id=\"989\" class=\"elementor elementor-989\">\n\t\t\t\t\t\t<section class=\"elementor-section elementor-top-section elementor-element elementor-element-0855fcb elementor-section-boxed elementor-section-height-default elementor-section-height-default\" data-id=\"0855fcb\" data-element_type=\"section\">\n\t\t\t\t\t\t<div class=\"elementor-container elementor-column-gap-default\">\n\t\t\t\t\t<div class=\"elementor-column elementor-col-100 elementor-top-column elementor-element elementor-element-c67bfe6\" data-id=\"c67bfe6\" data-element_type=\"column\">\n\t\t\t<div class=\"elementor-widget-wrap elementor-element-populated\">\n\t\t\t\t\t\t<div class=\"elementor-element elementor-element-e439358 elementor-widget elementor-widget-text-editor\" data-id=\"e439358\" data-element_type=\"widget\" data-widget_type=\"text-editor.default\">\n\t\t\t\t<div class=\"elementor-widget-container\">\n\t\t\t\t\t\t\t<div id=\"m6658\" class=\"module text\"><h2 class=\"subtitle\">EFFIZIENT &amp; PR\u00c4ZISE: ABRISSARBEITEN NACH MAS<\/h2><\/div><div id=\"m2057\" class=\"module text\"><p class=\"bodytext\">Damit etwas Neues entstehen kann, muss in der Regel erst einmal etwas Altes weichen.<\/p><p class=\"bodytext\">Mit unseren\u00a0Abrissarbeiten nach Ma\u00df\u00a0schaffen Sie Platz f\u00fcr frischen Wind in Ihrem Zuhause.<br \/>Wir k\u00fcmmern uns zuverl\u00e4ssig um die\u00a0fachm\u00e4nnische Entfernung\u00a0der unterschiedlichsten Materialien von Beton bis Laminat und auf Wunsch auch um ihre\u00a0Entsorgung.<\/p><\/div><p>Aus Erfahrung arbeiten wir in kleinen \u00fcbersichtlichen Teams und\u00a0sind dadurch in der Lage schnell und punktgenau auf Ver\u00e4nderungen zu\u00a0reagieren.\u00a0Langj\u00e4hrige Erfahrung und qualifizierte Mitarbeiter garantieren\u00a0die Zufriedenheit unserer Kunden.\u00a0Wir sind f\u00fcr Sie im gesamten\u00a0<b>Rhein-<\/b><b>Main-Gebiet<\/b>\u00a0unterwegs und k\u00fcmmern uns um Ihr Bauvorhaben und darum dieses termingerecht auszuf\u00fchren. Je nach Gr\u00f6\u00dfenordnung des Bauvorhabens\u00a0kommen Baumaschinen wie Raupenbagger,\u00a0Kettenbagger, Minibagger und Planierraupen\u00a0zum Einsatz. Die Lieferung und der Einbau von Baustoffen\u00a0wie Oberboden, Sand, Kies und anderen Deckschichten geh\u00f6rt ebenso zum\u00a0Erdbau wie der Transport und die fachgerechte Entsorgung von Boden,\u00a0Baustellenabf\u00e4llen und Bauschutt. Bei Abriss und Bauma\u00dfnahmen f\u00e4llt\u00a0Bodenaushub und Bauschutt an, der heutzutage kostenintensiv entsorgt\u00a0oder durch geeignete Baustoffe ersetzt werden muss. Es entstehen unn\u00f6tige Transportkosten und Deponiegeb\u00fchren.<\/p><p>Durch neue Technologien und modernere Baumaschinen in den letzten\u00a0Jahren ist die Verbesserung von Boden und Baugrund wirtschaftlicher geworden.\u00a0Um Kosten zu sparen, bieten wir\u00a0<b>Bodenverbesserung, Bodenstabilisierung\u00a0<\/b>und<b>\u00a0Recycling<\/b>\u00a0direkt auf der Baustelle an.<\/p><p>Ihre Zufriedenheit ist unser Ziel. Haben wir Ihr Interesse geweckt? Dann setzen Sie sich mit uns in Verbindung und wir beraten Sie gerne zu Ihrem gesamten Bauvorhaben.<\/p><p>\u00a0<\/p><div id=\"m4847\" class=\"module text\"><h2 class=\"subtitle\">ABRISS &amp; FACHM\u00c4NNISCHE ENTSORGUNG AUS EINER HAND<\/h2><\/div><div id=\"m3565\" class=\"module text\"><p class=\"bodytext\">Nach erfolgreich vollzogenen Abrissarbeiten ist sich nicht jeder \u00fcber die fachgerechte Entsorgung der ausrangierten Materialien im Klaren. Insbesondere Baustoffe k\u00f6nnen selbstverst\u00e4ndlich nicht einfach in den Hausm\u00fcll geworfen werden.<\/p><p class=\"bodytext\">Wir von OZ Bau wissen ganz genau worauf es bei der fachgerechten und umweltschonenden Entsorgung von Materialien jeglicher Art (au\u00dfer Giftstoffen) ankommt. Egal, ob es sich bei den abzurei\u00dfenden Materialien um Fliesen, Beton, W\u00e4nde, Laminat oder Decken handelt: Wir finden die bestm\u00f6gliche L\u00f6sung, um Ihre Baustoffe pr\u00e4zise abzutragen und im Anschluss ordnungsgem\u00e4\u00df zu entsorgen.<\/p><p class=\"bodytext\">Auf Anfrage k\u00fcmmern wir uns auch um den\u00a0Abriss und die Entsorgung vieler weiterer Materialien.<\/p><p class=\"bodytext\">Sprechen Sie uns einfach an und lassen Sie sich von uns beraten.<\/p><\/div>\t\t\t\t\t\t<\/div>\n\t\t\t\t<\/div>\n\t\t\t\t\t<\/div>\n\t\t<\/div>\n\t\t\t\t\t<\/div>\n\t\t<\/section>\n\t\t\t\t<section class=\"elementor-section elementor-top-section elementor-element elementor-element-891baea elementor-section-boxed elementor-section-height-default elementor-section-height-default\" data-id=\"891baea\" data-element_type=\"section\">\n\t\t\t\t\t\t<div class=\"elementor-container elementor-column-gap-default\">\n\t\t\t\t\t<div class=\"elementor-column elementor-col-50 elementor-top-column elementor-element elementor-element-599dbef\" data-id=\"599dbef\" data-element_type=\"column\">\n\t\t\t<div class=\"elementor-widget-wrap elementor-element-populated\">\n\t\t\t\t\t\t<div class=\"elementor-element elementor-element-d3c3a7a elementor-widget elementor-widget-image\" data-id=\"d3c3a7a\" data-element_type=\"widget\" data-widget_type=\"image.default\">\n\t\t\t\t<div class=\"elementor-widget-container\">\n\t\t\t\t\t\t\t\t\t\t\t\t\t<img fetchpriority=\"high\" decoding=\"async\" width=\"850\" height=\"450\" src=\"https:\/\/ozbau-energie.de\/bau\/wp-content\/uploads\/2023\/06\/abrissarbeiten_1.jpg\" class=\"attachment-large size-large wp-image-991\" alt=\"\" srcset=\"https:\/\/ozbau-energie.de\/bau\/wp-content\/uploads\/2023\/06\/abrissarbeiten_1.jpg 850w, https:\/\/ozbau-energie.de\/bau\/wp-content\/uploads\/2023\/06\/abrissarbeiten_1-300x159.jpg 300w, https:\/\/ozbau-energie.de\/bau\/wp-content\/uploads\/2023\/06\/abrissarbeiten_1-768x407.jpg 768w\" sizes=\"(max-width: 850px) 100vw, 850px\" title=\"abrissarbeiten_1\" \/>\t\t\t\t\t\t\t\t\t\t\t\t\t<\/div>\n\t\t\t\t<\/div>\n\t\t\t\t\t<\/div>\n\t\t<\/div>\n\t\t\t\t<div class=\"elementor-column elementor-col-50 elementor-top-column elementor-element elementor-element-7f22d4d\" data-id=\"7f22d4d\" data-element_type=\"column\">\n\t\t\t<div class=\"elementor-widget-wrap elementor-element-populated\">\n\t\t\t\t\t\t<div class=\"elementor-element elementor-element-a260011 elementor-widget elementor-widget-image\" data-id=\"a260011\" data-element_type=\"widget\" data-widget_type=\"image.default\">\n\t\t\t\t<div class=\"elementor-widget-container\">\n\t\t\t\t\t\t\t\t\t\t\t\t\t<img decoding=\"async\" width=\"1024\" height=\"779\" src=\"https:\/\/ozbau-energie.de\/bau\/wp-content\/uploads\/2023\/06\/5489858_4_org_124_nebengebaeude_der_bad_bergzaberner_altenbergschule_ist_vergangenheit_abrissarbeiten_sind_abgeschlossen-1024x779.jpeg\" class=\"attachment-large size-large wp-image-994\" alt=\"\" srcset=\"https:\/\/ozbau-energie.de\/bau\/wp-content\/uploads\/2023\/06\/5489858_4_org_124_nebengebaeude_der_bad_bergzaberner_altenbergschule_ist_vergangenheit_abrissarbeiten_sind_abgeschlossen-1024x779.jpeg 1024w, https:\/\/ozbau-energie.de\/bau\/wp-content\/uploads\/2023\/06\/5489858_4_org_124_nebengebaeude_der_bad_bergzaberner_altenbergschule_ist_vergangenheit_abrissarbeiten_sind_abgeschlossen-300x228.jpeg 300w, https:\/\/ozbau-energie.de\/bau\/wp-content\/uploads\/2023\/06\/5489858_4_org_124_nebengebaeude_der_bad_bergzaberner_altenbergschule_ist_vergangenheit_abrissarbeiten_sind_abgeschlossen-768x584.jpeg 768w, https:\/\/ozbau-energie.de\/bau\/wp-content\/uploads\/2023\/06\/5489858_4_org_124_nebengebaeude_der_bad_bergzaberner_altenbergschule_ist_vergangenheit_abrissarbeiten_sind_abgeschlossen-1536x1168.jpeg 1536w, https:\/\/ozbau-energie.de\/bau\/wp-content\/uploads\/2023\/06\/5489858_4_org_124_nebengebaeude_der_bad_bergzaberner_altenbergschule_ist_vergangenheit_abrissarbeiten_sind_abgeschlossen.jpeg 1578w\" sizes=\"(max-width: 1024px) 100vw, 1024px\" title=\"5489858_4_org_124_nebengebaeude_der_bad_bergzaberner_altenbergschule_ist_vergangenheit_abrissarbeiten_sind_abgeschlossen\" \/>\t\t\t\t\t\t\t\t\t\t\t\t\t<\/div>\n\t\t\t\t<\/div>\n\t\t\t\t\t<\/div>\n\t\t<\/div>\n\t\t\t\t\t<\/div>\n\t\t<\/section>\n\t\t\t\t<section class=\"elementor-section elementor-top-section elementor-element elementor-element-cad9217 elementor-section-boxed elementor-section-height-default elementor-section-height-default\" data-id=\"cad9217\" data-element_type=\"section\">\n\t\t\t\t\t\t<div class=\"elementor-container elementor-column-gap-default\">\n\t\t\t\t\t<div class=\"elementor-column elementor-col-100 elementor-top-column elementor-element elementor-element-4bcca9d\" data-id=\"4bcca9d\" data-element_type=\"column\">\n\t\t\t<div class=\"elementor-widget-wrap\">\n\t\t\t\t\t\t\t<\/div>\n\t\t<\/div>\n\t\t\t\t\t<\/div>\n\t\t<\/section>\n\t\t\t\t<\/div>\n\t\t","protected":false},"excerpt":{"rendered":"<p>EFFIZIENT &amp; PR\u00c4ZISE: ABRISSARBEITEN NACH MAS Damit etwas Neues entstehen kann, muss in der Regel erst einmal etwas Altes weichen. Mit unseren\u00a0Abrissarbeiten nach Ma\u00df\u00a0schaffen Sie Platz f\u00fcr frischen Wind in Ihrem Zuhause.Wir k\u00fcmmern uns zuverl\u00e4ssig um die\u00a0fachm\u00e4nnische Entfernung\u00a0der unterschiedlichsten Materialien von Beton bis Laminat und auf Wunsch auch um ihre\u00a0Entsorgung. Aus Erfahrung arbeiten wir in [&hellip;]<\/p>\n","protected":false},"author":1,"featured_media":0,"parent":0,"menu_order":0,"comment_status":"closed","ping_status":"closed","template":"page-templates\/template-fullwidth.php","meta":{"footnotes":""},"class_list":["post-989","page","type-page","status-publish","hentry"],"_links":{"self":[{"href":"https:\/\/ozbau-energie.de\/bau\/index.php\/wp-json\/wp\/v2\/pages\/989","targetHints":{"allow":["GET"]}}],"collection":[{"href":"https:\/\/ozbau-energie.de\/bau\/index.php\/wp-json\/wp\/v2\/pages"}],"about":[{"href":"https:\/\/ozbau-energie.de\/bau\/index.php\/wp-json\/wp\/v2\/types\/page"}],"author":[{"embeddable":true,"href":"https:\/\/ozbau-energie.de\/bau\/index.php\/wp-json\/wp\/v2\/users\/1"}],"replies":[{"embeddable":true,"href":"https:\/\/ozbau-energie.de\/bau\/index.php\/wp-json\/wp\/v2\/comments?post=989"}],"version-history":[{"count":7,"href":"https:\/\/ozbau-energie.de\/bau\/index.php\/wp-json\/wp\/v2\/pages\/989\/revisions"}],"predecessor-version":[{"id":1000,"href":"https:\/\/ozbau-energie.de\/bau\/index.php\/wp-json\/wp\/v2\/pages\/989\/revisions\/1000"}],"wp:attachment":[{"href":"https:\/\/ozbau-energie.de\/bau\/index.php\/wp-json\/wp\/v2\/media?parent=989"}],"curies":[{"name":"wp","href":"https:\/\/api.w.org\/{rel}","templated":true}]}}